{"id":1686,"date":"2023-06-21T07:16:22","date_gmt":"2023-06-21T07:16:22","guid":{"rendered":"https:\/\/muzeumbojkow.pl\/?page_id=1686"},"modified":"2023-06-21T07:27:52","modified_gmt":"2023-06-21T07:27:52","slug":"wiejski-ryneczek-2023","status":"publish","type":"page","link":"http:\/\/muzeumbojkow.pl\/?page_id=1686","title":{"rendered":"Wiejski Ryneczek 2023"},"content":{"rendered":"<div class=\"wp-block-image\">\n<figure class=\"aligncenter size-large is-resized\"><a href=\"https:\/\/muzeumbojkow.pl\/wp-content\/uploads\/2023\/06\/Bez-nazwy-1.png\"><img decoding=\"async\" loading=\"lazy\" src=\"https:\/\/muzeumbojkow.pl\/wp-content\/uploads\/2023\/06\/Bez-nazwy-1-1024x1024.png\" alt=\"\" class=\"wp-image-1711\" width=\"231\" height=\"231\" srcset=\"http:\/\/muzeumbojkow.pl\/wp-content\/uploads\/2023\/06\/Bez-nazwy-1-1024x1024.png 1024w, http:\/\/muzeumbojkow.pl\/wp-content\/uploads\/2023\/06\/Bez-nazwy-1-300x300.png 300w, http:\/\/muzeumbojkow.pl\/wp-content\/uploads\/2023\/06\/Bez-nazwy-1-150x150.png 150w, http:\/\/muzeumbojkow.pl\/wp-content\/uploads\/2023\/06\/Bez-nazwy-1-768x768.png 768w, http:\/\/muzeumbojkow.pl\/wp-content\/uploads\/2023\/06\/Bez-nazwy-1.png 1532w\" sizes=\"(max-width: 231px) 100vw, 231px\" \/><\/a><\/figure><\/div>\n\n\n<p>W dniu 09.06.2023 r. w Gminnym Muzeum Kultury Duchowej i Materialnej Bojk\u00f3w oraz Regionalnym Centrum Kultury w Myczkowie mia\u0142o miejsce wydarzenie pod nazw\u0105 \u201eWiejski Ryneczek\u201d organizowanym wsp\u00f3lnie z Gminnym O\u015brodkiem Kultury, Sportu i Turystyki w Solinie z\/s w Pola\u0144czyku. Zgodnie z do\u015bwiadczeniem z 2022 r. (pierwsza edycja) aran\u017cuj\u0105c wydarzenie najwa\u017cniejszym aspektem by\u0142a promocja autentycznego produktu lokalnego&nbsp; w oparciu o wytw\u00f3rc\u00f3w z teren\u00f3w Gminy Solina<br>i Podkarpacia. Swoje wyroby zaprezentowali:<\/p>\n\n\n\n<p>&#8211; Ko\u0142o Gospody\u0144 Wiejskich z Myczkowa; chleb swojski, wyroby cukiernicze, wyroby garma\u017ceryjne,<\/p>\n\n\n\n<p>&#8211; Ko\u0142o Gospody\u0144 Wiejskich z Bukowca; chleb swojski, sery podpuszczkowe, wyroby cukiernicze;<\/p>\n\n\n\n<p>&#8211; W\u0142adys\u0142aw Wronowski z Berezki; mi\u00f3d i wyroby pszczele z pasieki prowadzonej star\u0105 tradycyjn\u0105 szko\u0142\u0105;<\/p>\n\n\n\n<p>&#8211;&nbsp; Masarnia OSIP; regionalne w\u0119dliny wykonywane zgodnie z pokoleniow\u0105 tradycj\u0105;<\/p>\n\n\n\n<p>&#8211; Owocowe Smaki; ekologiczne napoje i soki;<\/p>\n\n\n\n<p>&#8211; Korab Garden; bio soki i herbaty;<\/p>\n\n\n\n<p>&#8211; Duo Life- innowacyjne i naturalne suplementy diety oraz kosmetyki;<\/p>\n\n\n\n<p>&#8211; Marcin Fornal \u201eFundacja Figaro\u201d; wyroby ceramiczne wykonywane na tradycyjnym kole garncarskim;<\/p>\n\n\n\n<p>&#8211; Wojskowe Centrum Informacji i Rekrutacji.<\/p>\n\n\n\n<p>W budynku Gminnego Muzeum Bojk\u00f3w natomiast odby\u0142a si\u0119 prezentacja i promocja opracowanych przez \u201eFundacj\u0119 Mapa Pasji\u201d oraz GOKSiT Quest\u00f3w pt. \u201eW \u015bwiecie bieszczadzkich Bojk\u00f3w\u201d, zwi\u0105zana z muzeum, jej tematyk\u0105 oraz zbiorami. W wypraw\u0119 odkrywc\u00f3w &nbsp;grupy etnograficznej, kt\u00f3r\u0105 s\u0105 Bojkowie naszym go\u015bciom pomoc\u0105 s\u0142u\u017cy\u0142 Dyrektor Gminnego O\u015brodka Kultury, Sportu i Turystyki w Solinie z\/s w Pola\u0144czyku Pan Krzysztof Pecka. Mali i duzi poszukiwacze przyg\u00f3d mieli za zadanie rozwi\u0105zywa\u0107 zagadki, dzi\u0119ki kt\u00f3rym otrzymali has\u0142o prowadz\u0105ce do ukrytego na terenie muzeum skarbu \u2013 pami\u0105tkowej piecz\u0119ci. &nbsp;<\/p>\n\n\n\n<p>Powy\u017csze wydarzenie otwiera\u0142o cykl imprez zwi\u0105zanych z \u201eDniami Gminy Solina\u201d. W tym dniu Muzeum nie pobiera\u0142o op\u0142at za bilety wst\u0119pu. Mimo niesprzyjaj\u0105cych warunk\u00f3w pogodowych<br>w imprezie wzi\u0119\u0142o udzia\u0142 ponad 200 os\u00f3b odwiedzaj\u0105cych Gmin\u0119 Solina turyst\u00f3w oraz mieszka\u0144c\u00f3w s\u0105siednich miejscowo\u015bci.<\/p>\n\n\n\n<figure class=\"is-layout-flex wp-block-gallery-1 wp-block-gallery has-nested-images columns-default is-cropped\">\n<figure class=\"wp-block-image size-large\"><a href=\"https:\/\/muzeumbojkow.pl\/wp-content\/uploads\/2023\/06\/DSC07782-kopia.jpg\"><img decoding=\"async\" loading=\"lazy\" width=\"945\" height=\"709\" data-id=\"1687\"  src=\"https:\/\/muzeumbojkow.pl\/wp-content\/uploads\/2023\/06\/DSC07782-kopia.jpg\" alt=\"\" class=\"wp-image-1687\" srcset=\"http:\/\/muzeumbojkow.pl\/wp-content\/uploads\/2023\/06\/DSC07782-kopia.jpg 945w, http:\/\/muzeumbojkow.pl\/wp-content\/uploads\/2023\/06\/DSC07782-kopia-300x225.jpg 300w, http:\/\/muzeumbojkow.pl\/wp-content\/uploads\/2023\/06\/DSC07782-kopia-768x576.jpg 768w\" sizes=\"(max-width: 945px) 100vw, 945px\" \/><\/a><\/figure>\n\n\n\n<figure class=\"wp-block-image size-large\"><a href=\"https:\/\/muzeumbojkow.pl\/wp-content\/uploads\/2023\/06\/DSC07784-kopia.jpg\"><img decoding=\"async\" loading=\"lazy\" width=\"768\" height=\"1024\" data-id=\"1689\"  src=\"https:\/\/muzeumbojkow.pl\/wp-content\/uploads\/2023\/06\/DSC07784-kopia-768x1024.jpg\" alt=\"\" class=\"wp-image-1689\" srcset=\"http:\/\/muzeumbojkow.pl\/wp-content\/uploads\/2023\/06\/DSC07784-kopia-768x1024.jpg 768w, http:\/\/muzeumbojkow.pl\/wp-content\/uploads\/2023\/06\/DSC07784-kopia-225x300.jpg 225w, http:\/\/muzeumbojkow.pl\/wp-content\/uploads\/2023\/06\/DSC07784-kopia.jpg 886w\" sizes=\"(max-width: 768px) 100vw, 768px\" \/><\/a><\/figure>\n\n\n\n<figure class=\"wp-block-image size-large\"><a href=\"https:\/\/muzeumbojkow.pl\/wp-content\/uploads\/2023\/06\/DSC07785-kopia.jpg\"><img decoding=\"async\" loading=\"lazy\" width=\"709\" height=\"531\" data-id=\"1688\"  src=\"https:\/\/muzeumbojkow.pl\/wp-content\/uploads\/2023\/06\/DSC07785-kopia.jpg\" alt=\"\" class=\"wp-image-1688\" srcset=\"http:\/\/muzeumbojkow.pl\/wp-content\/uploads\/2023\/06\/DSC07785-kopia.jpg 709w, http:\/\/muzeumbojkow.pl\/wp-content\/uploads\/2023\/06\/DSC07785-kopia-300x225.jpg 300w\" sizes=\"(max-width: 709px) 100vw, 709px\" \/><\/a><\/figure>\n\n\n\n<figure class=\"wp-block-image size-large\"><a href=\"https:\/\/muzeumbojkow.pl\/wp-content\/uploads\/2023\/06\/DSC07787-kopia.jpg\"><img decoding=\"async\" loading=\"lazy\" width=\"531\" height=\"709\" data-id=\"1691\"  src=\"https:\/\/muzeumbojkow.pl\/wp-content\/uploads\/2023\/06\/DSC07787-kopia.jpg\" alt=\"\" class=\"wp-image-1691\" srcset=\"http:\/\/muzeumbojkow.pl\/wp-content\/uploads\/2023\/06\/DSC07787-kopia.jpg 531w, http:\/\/muzeumbojkow.pl\/wp-content\/uploads\/2023\/06\/DSC07787-kopia-225x300.jpg 225w\" sizes=\"(max-width: 531px) 100vw, 531px\" \/><\/a><\/figure>\n\n\n\n<figure class=\"wp-block-image size-large\"><a href=\"https:\/\/muzeumbojkow.pl\/wp-content\/uploads\/2023\/06\/DSC07789-kopia.jpg\"><img decoding=\"async\" loading=\"lazy\" width=\"768\" height=\"1024\" data-id=\"1692\"  src=\"https:\/\/muzeumbojkow.pl\/wp-content\/uploads\/2023\/06\/DSC07789-kopia-768x1024.jpg\" alt=\"\" class=\"wp-image-1692\" srcset=\"http:\/\/muzeumbojkow.pl\/wp-content\/uploads\/2023\/06\/DSC07789-kopia-768x1024.jpg 768w, http:\/\/muzeumbojkow.pl\/wp-content\/uploads\/2023\/06\/DSC07789-kopia-225x300.jpg 225w, http:\/\/muzeumbojkow.pl\/wp-content\/uploads\/2023\/06\/DSC07789-kopia-1152x1536.jpg 1152w, http:\/\/muzeumbojkow.pl\/wp-content\/uploads\/2023\/06\/DSC07789-kopia.jpg 1181w\" sizes=\"(max-width: 768px) 100vw, 768px\" \/><\/a><\/figure>\n\n\n\n<figure class=\"wp-block-image size-large\"><a href=\"https:\/\/muzeumbojkow.pl\/wp-content\/uploads\/2023\/06\/DSC07791-kopia.jpg\"><img decoding=\"async\" loading=\"lazy\" width=\"1024\" height=\"768\" data-id=\"1690\"  src=\"https:\/\/muzeumbojkow.pl\/wp-content\/uploads\/2023\/06\/DSC07791-kopia-1024x768.jpg\" alt=\"\" class=\"wp-image-1690\" srcset=\"http:\/\/muzeumbojkow.pl\/wp-content\/uploads\/2023\/06\/DSC07791-kopia-1024x768.jpg 1024w, http:\/\/muzeumbojkow.pl\/wp-content\/uploads\/2023\/06\/DSC07791-kopia-300x225.jpg 300w, http:\/\/muzeumbojkow.pl\/wp-content\/uploads\/2023\/06\/DSC07791-kopia-768x576.jpg 768w, http:\/\/muzeumbojkow.pl\/wp-content\/uploads\/2023\/06\/DSC07791-kopia.jpg 1181w\" sizes=\"(max-width: 1024px) 100vw, 1024px\" \/><\/a><\/figure>\n\n\n\n<figure class=\"wp-block-image size-large\"><a href=\"https:\/\/muzeumbojkow.pl\/wp-content\/uploads\/2023\/06\/IMG_2846-kopia.jpg\"><img decoding=\"async\" loading=\"lazy\" width=\"945\" height=\"630\" data-id=\"1705\"  src=\"https:\/\/muzeumbojkow.pl\/wp-content\/uploads\/2023\/06\/IMG_2846-kopia.jpg\" alt=\"\" class=\"wp-image-1705\" srcset=\"http:\/\/muzeumbojkow.pl\/wp-content\/uploads\/2023\/06\/IMG_2846-kopia.jpg 945w, http:\/\/muzeumbojkow.pl\/wp-content\/uploads\/2023\/06\/IMG_2846-kopia-300x200.jpg 300w, http:\/\/muzeumbojkow.pl\/wp-content\/uploads\/2023\/06\/IMG_2846-kopia-768x512.jpg 768w\" sizes=\"(max-width: 945px) 100vw, 945px\" \/><\/a><\/figure>\n\n\n\n<figure class=\"wp-block-image size-large\"><a href=\"https:\/\/muzeumbojkow.pl\/wp-content\/uploads\/2023\/06\/IMG_2853-kopia.jpg\"><img decoding=\"async\" loading=\"lazy\" width=\"945\" height=\"630\" data-id=\"1693\"  src=\"https:\/\/muzeumbojkow.pl\/wp-content\/uploads\/2023\/06\/IMG_2853-kopia.jpg\" alt=\"\" class=\"wp-image-1693\" srcset=\"http:\/\/muzeumbojkow.pl\/wp-content\/uploads\/2023\/06\/IMG_2853-kopia.jpg 945w, http:\/\/muzeumbojkow.pl\/wp-content\/uploads\/2023\/06\/IMG_2853-kopia-300x200.jpg 300w, http:\/\/muzeumbojkow.pl\/wp-content\/uploads\/2023\/06\/IMG_2853-kopia-768x512.jpg 768w\" sizes=\"(max-width: 945px) 100vw, 945px\" \/><\/a><\/figure>\n\n\n\n<figure class=\"wp-block-image size-large\"><a href=\"https:\/\/muzeumbojkow.pl\/wp-content\/uploads\/2023\/06\/IMG_2854.jpg\"><img decoding=\"async\" loading=\"lazy\" width=\"945\" height=\"630\" data-id=\"1695\"  src=\"https:\/\/muzeumbojkow.pl\/wp-content\/uploads\/2023\/06\/IMG_2854.jpg\" alt=\"\" class=\"wp-image-1695\" srcset=\"http:\/\/muzeumbojkow.pl\/wp-content\/uploads\/2023\/06\/IMG_2854.jpg 945w, http:\/\/muzeumbojkow.pl\/wp-content\/uploads\/2023\/06\/IMG_2854-300x200.jpg 300w, http:\/\/muzeumbojkow.pl\/wp-content\/uploads\/2023\/06\/IMG_2854-768x512.jpg 768w\" sizes=\"(max-width: 945px) 100vw, 945px\" \/><\/a><\/figure>\n\n\n\n<figure class=\"wp-block-image size-large\"><a href=\"https:\/\/muzeumbojkow.pl\/wp-content\/uploads\/2023\/06\/IMG_2855-kopia.jpg\"><img decoding=\"async\" loading=\"lazy\" width=\"945\" height=\"630\" data-id=\"1702\"  src=\"https:\/\/muzeumbojkow.pl\/wp-content\/uploads\/2023\/06\/IMG_2855-kopia.jpg\" alt=\"\" class=\"wp-image-1702\" srcset=\"http:\/\/muzeumbojkow.pl\/wp-content\/uploads\/2023\/06\/IMG_2855-kopia.jpg 945w, http:\/\/muzeumbojkow.pl\/wp-content\/uploads\/2023\/06\/IMG_2855-kopia-300x200.jpg 300w, http:\/\/muzeumbojkow.pl\/wp-content\/uploads\/2023\/06\/IMG_2855-kopia-768x512.jpg 768w\" sizes=\"(max-width: 945px) 100vw, 945px\" \/><\/a><\/figure>\n\n\n\n<figure class=\"wp-block-image size-large\"><a href=\"https:\/\/muzeumbojkow.pl\/wp-content\/uploads\/2023\/06\/IMG_2866-kopia.jpg\"><img decoding=\"async\" loading=\"lazy\" width=\"709\" height=\"472\" data-id=\"1694\"  src=\"https:\/\/muzeumbojkow.pl\/wp-content\/uploads\/2023\/06\/IMG_2866-kopia.jpg\" alt=\"\" class=\"wp-image-1694\" srcset=\"http:\/\/muzeumbojkow.pl\/wp-content\/uploads\/2023\/06\/IMG_2866-kopia.jpg 709w, http:\/\/muzeumbojkow.pl\/wp-content\/uploads\/2023\/06\/IMG_2866-kopia-300x200.jpg 300w\" sizes=\"(max-width: 709px) 100vw, 709px\" \/><\/a><\/figure>\n\n\n\n<figure class=\"wp-block-image size-large\"><a href=\"https:\/\/muzeumbojkow.pl\/wp-content\/uploads\/2023\/06\/IMG_2875-kopia.jpg\"><img decoding=\"async\" loading=\"lazy\" width=\"709\" height=\"472\" data-id=\"1699\"  src=\"https:\/\/muzeumbojkow.pl\/wp-content\/uploads\/2023\/06\/IMG_2875-kopia.jpg\" alt=\"\" class=\"wp-image-1699\" srcset=\"http:\/\/muzeumbojkow.pl\/wp-content\/uploads\/2023\/06\/IMG_2875-kopia.jpg 709w, http:\/\/muzeumbojkow.pl\/wp-content\/uploads\/2023\/06\/IMG_2875-kopia-300x200.jpg 300w\" sizes=\"(max-width: 709px) 100vw, 709px\" \/><\/a><\/figure>\n\n\n\n<figure class=\"wp-block-image size-large\"><a href=\"https:\/\/muzeumbojkow.pl\/wp-content\/uploads\/2023\/06\/IMG_2876-kopia.jpg\"><img decoding=\"async\" loading=\"lazy\" width=\"709\" height=\"472\" data-id=\"1696\"  src=\"https:\/\/muzeumbojkow.pl\/wp-content\/uploads\/2023\/06\/IMG_2876-kopia.jpg\" alt=\"\" class=\"wp-image-1696\" srcset=\"http:\/\/muzeumbojkow.pl\/wp-content\/uploads\/2023\/06\/IMG_2876-kopia.jpg 709w, http:\/\/muzeumbojkow.pl\/wp-content\/uploads\/2023\/06\/IMG_2876-kopia-300x200.jpg 300w\" sizes=\"(max-width: 709px) 100vw, 709px\" \/><\/a><\/figure>\n\n\n\n<figure class=\"wp-block-image size-large\"><a href=\"https:\/\/muzeumbojkow.pl\/wp-content\/uploads\/2023\/06\/IMG_2878-kopia.jpg\"><img decoding=\"async\" loading=\"lazy\" width=\"1024\" height=\"682\" data-id=\"1701\"  src=\"https:\/\/muzeumbojkow.pl\/wp-content\/uploads\/2023\/06\/IMG_2878-kopia-1024x682.jpg\" alt=\"\" class=\"wp-image-1701\" srcset=\"http:\/\/muzeumbojkow.pl\/wp-content\/uploads\/2023\/06\/IMG_2878-kopia-1024x682.jpg 1024w, http:\/\/muzeumbojkow.pl\/wp-content\/uploads\/2023\/06\/IMG_2878-kopia-300x200.jpg 300w, http:\/\/muzeumbojkow.pl\/wp-content\/uploads\/2023\/06\/IMG_2878-kopia-768x512.jpg 768w, http:\/\/muzeumbojkow.pl\/wp-content\/uploads\/2023\/06\/IMG_2878-kopia.jpg 1181w\" sizes=\"(max-width: 1024px) 100vw, 1024px\" \/><\/a><\/figure>\n\n\n\n<figure class=\"wp-block-image size-large\"><a href=\"https:\/\/muzeumbojkow.pl\/wp-content\/uploads\/2023\/06\/IMG_2902-kopia.jpg\"><img decoding=\"async\" loading=\"lazy\" width=\"945\" height=\"630\" data-id=\"1700\"  src=\"https:\/\/muzeumbojkow.pl\/wp-content\/uploads\/2023\/06\/IMG_2902-kopia.jpg\" alt=\"\" class=\"wp-image-1700\" srcset=\"http:\/\/muzeumbojkow.pl\/wp-content\/uploads\/2023\/06\/IMG_2902-kopia.jpg 945w, http:\/\/muzeumbojkow.pl\/wp-content\/uploads\/2023\/06\/IMG_2902-kopia-300x200.jpg 300w, http:\/\/muzeumbojkow.pl\/wp-content\/uploads\/2023\/06\/IMG_2902-kopia-768x512.jpg 768w\" sizes=\"(max-width: 945px) 100vw, 945px\" \/><\/a><\/figure>\n\n\n\n<figure class=\"wp-block-image size-large\"><a href=\"https:\/\/muzeumbojkow.pl\/wp-content\/uploads\/2023\/06\/IMG_2913-kopia.jpg\"><img decoding=\"async\" loading=\"lazy\" width=\"709\" height=\"472\" data-id=\"1697\"  src=\"https:\/\/muzeumbojkow.pl\/wp-content\/uploads\/2023\/06\/IMG_2913-kopia.jpg\" alt=\"\" class=\"wp-image-1697\" srcset=\"http:\/\/muzeumbojkow.pl\/wp-content\/uploads\/2023\/06\/IMG_2913-kopia.jpg 709w, http:\/\/muzeumbojkow.pl\/wp-content\/uploads\/2023\/06\/IMG_2913-kopia-300x200.jpg 300w\" sizes=\"(max-width: 709px) 100vw, 709px\" \/><\/a><\/figure>\n\n\n\n<figure class=\"wp-block-image size-large\"><a href=\"https:\/\/muzeumbojkow.pl\/wp-content\/uploads\/2023\/06\/IMG_2932-kopia.jpg\"><img decoding=\"async\" loading=\"lazy\" width=\"945\" height=\"630\" data-id=\"1698\"  src=\"https:\/\/muzeumbojkow.pl\/wp-content\/uploads\/2023\/06\/IMG_2932-kopia.jpg\" alt=\"\" class=\"wp-image-1698\" srcset=\"http:\/\/muzeumbojkow.pl\/wp-content\/uploads\/2023\/06\/IMG_2932-kopia.jpg 945w, http:\/\/muzeumbojkow.pl\/wp-content\/uploads\/2023\/06\/IMG_2932-kopia-300x200.jpg 300w, http:\/\/muzeumbojkow.pl\/wp-content\/uploads\/2023\/06\/IMG_2932-kopia-768x512.jpg 768w\" sizes=\"(max-width: 945px) 100vw, 945px\" \/><\/a><\/figure>\n\n\n\n<figure class=\"wp-block-image size-large\"><a href=\"https:\/\/muzeumbojkow.pl\/wp-content\/uploads\/2023\/06\/IMG_2944-kopia.jpg\"><img decoding=\"async\" loading=\"lazy\" width=\"1024\" height=\"682\" data-id=\"1707\"  src=\"https:\/\/muzeumbojkow.pl\/wp-content\/uploads\/2023\/06\/IMG_2944-kopia-1024x682.jpg\" alt=\"\" class=\"wp-image-1707\" srcset=\"http:\/\/muzeumbojkow.pl\/wp-content\/uploads\/2023\/06\/IMG_2944-kopia-1024x682.jpg 1024w, http:\/\/muzeumbojkow.pl\/wp-content\/uploads\/2023\/06\/IMG_2944-kopia-300x200.jpg 300w, http:\/\/muzeumbojkow.pl\/wp-content\/uploads\/2023\/06\/IMG_2944-kopia-768x512.jpg 768w, http:\/\/muzeumbojkow.pl\/wp-content\/uploads\/2023\/06\/IMG_2944-kopia.jpg 1181w\" sizes=\"(max-width: 1024px) 100vw, 1024px\" \/><\/a><\/figure>\n\n\n\n<figure class=\"wp-block-image size-large\"><a href=\"https:\/\/muzeumbojkow.pl\/wp-content\/uploads\/2023\/06\/IMG_2956-kopia.jpg\"><img decoding=\"async\" loading=\"lazy\" width=\"682\" height=\"1024\" data-id=\"1708\"  src=\"https:\/\/muzeumbojkow.pl\/wp-content\/uploads\/2023\/06\/IMG_2956-kopia-682x1024.jpg\" alt=\"\" class=\"wp-image-1708\" srcset=\"http:\/\/muzeumbojkow.pl\/wp-content\/uploads\/2023\/06\/IMG_2956-kopia-682x1024.jpg 682w, http:\/\/muzeumbojkow.pl\/wp-content\/uploads\/2023\/06\/IMG_2956-kopia-200x300.jpg 200w, http:\/\/muzeumbojkow.pl\/wp-content\/uploads\/2023\/06\/IMG_2956-kopia-768x1152.jpg 768w, http:\/\/muzeumbojkow.pl\/wp-content\/uploads\/2023\/06\/IMG_2956-kopia-1024x1536.jpg 1024w, http:\/\/muzeumbojkow.pl\/wp-content\/uploads\/2023\/06\/IMG_2956-kopia.jpg 1181w\" sizes=\"(max-width: 682px) 100vw, 682px\" \/><\/a><\/figure>\n\n\n\n<figure class=\"wp-block-image size-large\"><a href=\"https:\/\/muzeumbojkow.pl\/wp-content\/uploads\/2023\/06\/IMG_2964-kopia.jpg\"><img decoding=\"async\" loading=\"lazy\" width=\"945\" height=\"630\" data-id=\"1704\"  src=\"https:\/\/muzeumbojkow.pl\/wp-content\/uploads\/2023\/06\/IMG_2964-kopia.jpg\" alt=\"\" class=\"wp-image-1704\" srcset=\"http:\/\/muzeumbojkow.pl\/wp-content\/uploads\/2023\/06\/IMG_2964-kopia.jpg 945w, http:\/\/muzeumbojkow.pl\/wp-content\/uploads\/2023\/06\/IMG_2964-kopia-300x200.jpg 300w, http:\/\/muzeumbojkow.pl\/wp-content\/uploads\/2023\/06\/IMG_2964-kopia-768x512.jpg 768w\" sizes=\"(max-width: 945px) 100vw, 945px\" \/><\/a><\/figure>\n\n\n\n<figure class=\"wp-block-image size-large\"><a href=\"https:\/\/muzeumbojkow.pl\/wp-content\/uploads\/2023\/06\/IMG_2969.jpg\"><img decoding=\"async\" loading=\"lazy\" width=\"945\" height=\"630\" data-id=\"1703\"  src=\"https:\/\/muzeumbojkow.pl\/wp-content\/uploads\/2023\/06\/IMG_2969.jpg\" alt=\"\" class=\"wp-image-1703\" srcset=\"http:\/\/muzeumbojkow.pl\/wp-content\/uploads\/2023\/06\/IMG_2969.jpg 945w, http:\/\/muzeumbojkow.pl\/wp-content\/uploads\/2023\/06\/IMG_2969-300x200.jpg 300w, http:\/\/muzeumbojkow.pl\/wp-content\/uploads\/2023\/06\/IMG_2969-768x512.jpg 768w\" sizes=\"(max-width: 945px) 100vw, 945px\" \/><\/a><\/figure>\n\n\n\n<figure class=\"wp-block-image size-large\"><a href=\"https:\/\/muzeumbojkow.pl\/wp-content\/uploads\/2023\/06\/IMG_2980-kopia.jpg\"><img decoding=\"async\" loading=\"lazy\" width=\"1024\" height=\"682\" data-id=\"1706\"  src=\"https:\/\/muzeumbojkow.pl\/wp-content\/uploads\/2023\/06\/IMG_2980-kopia-1024x682.jpg\" alt=\"\" class=\"wp-image-1706\" srcset=\"http:\/\/muzeumbojkow.pl\/wp-content\/uploads\/2023\/06\/IMG_2980-kopia-1024x682.jpg 1024w, http:\/\/muzeumbojkow.pl\/wp-content\/uploads\/2023\/06\/IMG_2980-kopia-300x200.jpg 300w, http:\/\/muzeumbojkow.pl\/wp-content\/uploads\/2023\/06\/IMG_2980-kopia-768x512.jpg 768w, http:\/\/muzeumbojkow.pl\/wp-content\/uploads\/2023\/06\/IMG_2980-kopia.jpg 1181w\" sizes=\"(max-width: 1024px) 100vw, 1024px\" \/><\/a><\/figure>\n<\/figure>\n","protected":false},"excerpt":{"rendered":"<p>W dniu 09.06.2023 r. w Gminnym Muzeum Kultury Duchowej i Materialnej Bojk\u00f3w oraz Regionalnym Centrum Kultury w Myczkowie mia\u0142o miejsce wydarzenie pod nazw\u0105 \u201eWiejski Ryneczek\u201d organizowanym wsp\u00f3lnie z Gminnym O\u015brodkiem Kultury, Sportu i Turystyki w Solinie z\/s w Pola\u0144czyku. Zgodnie z do\u015bwiadczeniem z 2022 r. (pierwsza edycja) aran\u017cuj\u0105c wydarzenie najwa\u017cniejszym aspektem by\u0142a promocja autentycznego produktu&hellip; <\/p>\n","protected":false},"author":1,"featured_media":0,"parent":0,"menu_order":0,"comment_status":"closed","ping_status":"closed","template":"","meta":{"ngg_post_thumbnail":0},"_links":{"self":[{"href":"http:\/\/muzeumbojkow.pl\/index.php?rest_route=\/wp\/v2\/pages\/1686"}],"collection":[{"href":"http:\/\/muzeumbojkow.pl\/index.php?rest_route=\/wp\/v2\/pages"}],"about":[{"href":"http:\/\/muzeumbojkow.pl\/index.php?rest_route=\/wp\/v2\/types\/page"}],"author":[{"embeddable":true,"href":"http:\/\/muzeumbojkow.pl\/index.php?rest_route=\/wp\/v2\/users\/1"}],"replies":[{"embeddable":true,"href":"http:\/\/muzeumbojkow.pl\/index.php?rest_route=%2Fwp%2Fv2%2Fcomments&post=1686"}],"version-history":[{"count":3,"href":"http:\/\/muzeumbojkow.pl\/index.php?rest_route=\/wp\/v2\/pages\/1686\/revisions"}],"predecessor-version":[{"id":1714,"href":"http:\/\/muzeumbojkow.pl\/index.php?rest_route=\/wp\/v2\/pages\/1686\/revisions\/1714"}],"wp:attachment":[{"href":"http:\/\/muzeumbojkow.pl\/index.php?rest_route=%2Fwp%2Fv2%2Fmedia&parent=1686"}],"curies":[{"name":"wp","href":"https:\/\/api.w.org\/{rel}","templated":true}]}}