{"id":107,"date":"2018-04-06T07:36:21","date_gmt":"2018-04-06T07:36:21","guid":{"rendered":"https:\/\/muzeumbojkow.pl\/?page_id=107"},"modified":"2019-01-16T11:13:41","modified_gmt":"2019-01-16T11:13:41","slug":"organizacja-imprez","status":"publish","type":"page","link":"https:\/\/muzeumbojkow.pl\/?page_id=107","title":{"rendered":"Organizacja imprez"},"content":{"rendered":"<h6 style=\"text-align: justify;\"><strong>Muzeum zaprasza do zorganizowania w kameralnym wn\u0119trzu spotka\u0144, konferencji, szkole\u0144, prelekcji, seminari\u00f3w lub event\u00f3w. Niecodzienny klimat tego miejsca, ciep\u0142o starego pieca oraz zapach historii doskonale wp\u0142ynie na jako\u015b\u0107 przekazu i pozwoli si\u0119 zrelaksowa\u0107. Na \u017cyczenie zapewniamy profesjonalny catering. Dysponujemy aparatur\u0105 nag\u0142a\u015bniaj\u0105c\u0105 oraz ekranem.<\/strong><\/h6>\n","protected":false},"excerpt":{"rendered":"<p>Muzeum zaprasza do zorganizowania w kameralnym wn\u0119trzu spotka\u0144, konferencji, szkole\u0144, prelekcji, seminari\u00f3w lub event\u00f3w. Niecodzienny klimat tego miejsca, ciep\u0142o starego pieca oraz zapach historii doskonale wp\u0142ynie na jako\u015b\u0107 przekazu i pozwoli si\u0119 zrelaksowa\u0107. Na \u017cyczenie zapewniamy profesjonalny catering. Dysponujemy aparatur\u0105 nag\u0142a\u015bniaj\u0105c\u0105 oraz ekranem.<\/p>\n","protected":false},"author":1,"featured_media":0,"parent":0,"menu_order":0,"comment_status":"closed","ping_status":"closed","template":"","meta":{"ngg_post_thumbnail":0},"_links":{"self":[{"href":"https:\/\/muzeumbojkow.pl\/index.php?rest_route=\/wp\/v2\/pages\/107"}],"collection":[{"href":"https:\/\/muzeumbojkow.pl\/index.php?rest_route=\/wp\/v2\/pages"}],"about":[{"href":"https:\/\/muzeumbojkow.pl\/index.php?rest_route=\/wp\/v2\/types\/page"}],"author":[{"embeddable":true,"href":"https:\/\/muzeumbojkow.pl\/index.php?rest_route=\/wp\/v2\/users\/1"}],"replies":[{"embeddable":true,"href":"https:\/\/muzeumbojkow.pl\/index.php?rest_route=%2Fwp%2Fv2%2Fcomments&post=107"}],"version-history":[{"count":3,"href":"https:\/\/muzeumbojkow.pl\/index.php?rest_route=\/wp\/v2\/pages\/107\/revisions"}],"predecessor-version":[{"id":773,"href":"https:\/\/muzeumbojkow.pl\/index.php?rest_route=\/wp\/v2\/pages\/107\/revisions\/773"}],"wp:attachment":[{"href":"https:\/\/muzeumbojkow.pl\/index.php?rest_route=%2Fwp%2Fv2%2Fmedia&parent=107"}],"curies":[{"name":"wp","href":"https:\/\/api.w.org\/{rel}","templated":true}]}}