{"id":110,"date":"2018-04-06T07:39:17","date_gmt":"2018-04-06T07:39:17","guid":{"rendered":"https:\/\/muzeumbojkow.pl\/?page_id=110"},"modified":"2019-01-16T11:14:24","modified_gmt":"2019-01-16T11:14:24","slug":"galeria-u-bojkow","status":"publish","type":"page","link":"https:\/\/muzeumbojkow.pl\/?page_id=110","title":{"rendered":"Galeria u Bojk\u00f3w"},"content":{"rendered":"<h6 style=\"text-align: justify;\"><strong>Przy Muzeum dzia\u0142a \u201eGaleria u Bojk\u00f3w\u201d, kt\u00f3ra prezentuje wyroby bieszczadzkich artyst\u00f3w i rzemie\u015blnik\u00f3w. Mo\u017cna tu zakupi\u0107 pami\u0105tki, ksi\u0105\u017cki o Bieszczadach, mapy, przewodniki itp., przede wszystkim za\u015b, zakosztowa\u0107 pysznej kawy lub herbaty <em>po bojkowsku<\/em>.<\/strong><\/h6>\n","protected":false},"excerpt":{"rendered":"<p>Przy Muzeum dzia\u0142a \u201eGaleria u Bojk\u00f3w\u201d, kt\u00f3ra prezentuje wyroby bieszczadzkich artyst\u00f3w i rzemie\u015blnik\u00f3w. Mo\u017cna tu zakupi\u0107 pami\u0105tki, ksi\u0105\u017cki o Bieszczadach, mapy, przewodniki itp., przede wszystkim za\u015b, zakosztowa\u0107 pysznej kawy lub herbaty po bojkowsku.<\/p>\n","protected":false},"author":1,"featured_media":0,"parent":0,"menu_order":0,"comment_status":"closed","ping_status":"closed","template":"","meta":{"ngg_post_thumbnail":0},"_links":{"self":[{"href":"https:\/\/muzeumbojkow.pl\/index.php?rest_route=\/wp\/v2\/pages\/110"}],"collection":[{"href":"https:\/\/muzeumbojkow.pl\/index.php?rest_route=\/wp\/v2\/pages"}],"about":[{"href":"https:\/\/muzeumbojkow.pl\/index.php?rest_route=\/wp\/v2\/types\/page"}],"author":[{"embeddable":true,"href":"https:\/\/muzeumbojkow.pl\/index.php?rest_route=\/wp\/v2\/users\/1"}],"replies":[{"embeddable":true,"href":"https:\/\/muzeumbojkow.pl\/index.php?rest_route=%2Fwp%2Fv2%2Fcomments&post=110"}],"version-history":[{"count":7,"href":"https:\/\/muzeumbojkow.pl\/index.php?rest_route=\/wp\/v2\/pages\/110\/revisions"}],"predecessor-version":[{"id":774,"href":"https:\/\/muzeumbojkow.pl\/index.php?rest_route=\/wp\/v2\/pages\/110\/revisions\/774"}],"wp:attachment":[{"href":"https:\/\/muzeumbojkow.pl\/index.php?rest_route=%2Fwp%2Fv2%2Fmedia&parent=110"}],"curies":[{"name":"wp","href":"https:\/\/api.w.org\/{rel}","templated":true}]}}