{"id":114,"date":"2018-04-06T07:42:07","date_gmt":"2018-04-06T07:42:07","guid":{"rendered":"https:\/\/muzeumbojkow.pl\/?page_id=114"},"modified":"2018-08-29T10:33:02","modified_gmt":"2018-08-29T10:33:02","slug":"dla-zwiedzajacych","status":"publish","type":"page","link":"https:\/\/muzeumbojkow.pl\/?page_id=114","title":{"rendered":"Dla zwiedzaj\u0105cych"},"content":{"rendered":"<h1 style=\"text-align: justify;\"><strong><span style=\"color: #ff0000;\">Muzeum Kultury Duchowej i Materialnej Bojk\u00f3w zaprasza na now\u0105 wystaw\u0119 muzealn\u0105 w Regionalnym Centrum Kultury w Myczkowie.<\/span><\/strong><\/h1>\n<h2 style=\"text-align: justify;\"><span style=\"color: #ff0000;\">&nbsp;<\/span><\/h2>\n","protected":false},"excerpt":{"rendered":"<p>Muzeum Kultury Duchowej i Materialnej Bojk\u00f3w zaprasza na now\u0105 wystaw\u0119 muzealn\u0105 w Regionalnym Centrum Kultury w Myczkowie. &nbsp;<\/p>\n","protected":false},"author":1,"featured_media":0,"parent":0,"menu_order":0,"comment_status":"closed","ping_status":"closed","template":"","meta":{"ngg_post_thumbnail":0},"_links":{"self":[{"href":"https:\/\/muzeumbojkow.pl\/index.php?rest_route=\/wp\/v2\/pages\/114"}],"collection":[{"href":"https:\/\/muzeumbojkow.pl\/index.php?rest_route=\/wp\/v2\/pages"}],"about":[{"href":"https:\/\/muzeumbojkow.pl\/index.php?rest_route=\/wp\/v2\/types\/page"}],"author":[{"embeddable":true,"href":"https:\/\/muzeumbojkow.pl\/index.php?rest_route=\/wp\/v2\/users\/1"}],"replies":[{"embeddable":true,"href":"https:\/\/muzeumbojkow.pl\/index.php?rest_route=%2Fwp%2Fv2%2Fcomments&post=114"}],"version-history":[{"count":6,"href":"https:\/\/muzeumbojkow.pl\/index.php?rest_route=\/wp\/v2\/pages\/114\/revisions"}],"predecessor-version":[{"id":432,"href":"https:\/\/muzeumbojkow.pl\/index.php?rest_route=\/wp\/v2\/pages\/114\/revisions\/432"}],"wp:attachment":[{"href":"https:\/\/muzeumbojkow.pl\/index.php?rest_route=%2Fwp%2Fv2%2Fmedia&parent=114"}],"curies":[{"name":"wp","href":"https:\/\/api.w.org\/{rel}","templated":true}]}}