{"id":1635,"date":"2023-05-02T13:42:06","date_gmt":"2023-05-02T13:42:06","guid":{"rendered":"http:\/\/muzeumbojkow.pl\/?page_id=1635"},"modified":"2023-05-08T09:39:29","modified_gmt":"2023-05-08T09:39:29","slug":"10-lecie-dzialalnosci-muzeum-bojkow-i-5-lecie-regionalnego-centrum-kultury-w-myczkowie-30-04-2023-r","status":"publish","type":"page","link":"https:\/\/muzeumbojkow.pl\/?page_id=1635","title":{"rendered":"10-lecie dzia\u0142alno\u015bci Muzeum Bojk\u00f3w i 5-lecie Regionalnego Centrum Kultury w Myczkowie 30.04.2023"},"content":{"rendered":"\n<figure class=\"is-layout-flex wp-block-gallery-1 wp-block-gallery has-nested-images columns-default is-cropped\">\n<figure class=\"wp-block-image size-large\"><a href=\"http:\/\/muzeumbojkow.pl\/wp-content\/uploads\/2023\/05\/DSC07674-scaled.jpg\"><img decoding=\"async\" loading=\"lazy\" width=\"1024\" height=\"768\" data-id=\"1636\"  src=\"http:\/\/muzeumbojkow.pl\/wp-content\/uploads\/2023\/05\/DSC07674-1024x768.jpg\" alt=\"\" class=\"wp-image-1636\" srcset=\"https:\/\/muzeumbojkow.pl\/wp-content\/uploads\/2023\/05\/DSC07674-1024x768.jpg 1024w, https:\/\/muzeumbojkow.pl\/wp-content\/uploads\/2023\/05\/DSC07674-300x225.jpg 300w, https:\/\/muzeumbojkow.pl\/wp-content\/uploads\/2023\/05\/DSC07674-768x576.jpg 768w, https:\/\/muzeumbojkow.pl\/wp-content\/uploads\/2023\/05\/DSC07674-1536x1152.jpg 1536w, https:\/\/muzeumbojkow.pl\/wp-content\/uploads\/2023\/05\/DSC07674-2048x1536.jpg 2048w\" sizes=\"(max-width: 1024px) 100vw, 1024px\" \/><\/a><\/figure>\n\n\n\n<figure class=\"wp-block-image size-large\"><a href=\"http:\/\/muzeumbojkow.pl\/wp-content\/uploads\/2023\/05\/DSC07693-scaled.jpg\"><img decoding=\"async\" loading=\"lazy\" width=\"1024\" height=\"768\" data-id=\"1647\"  src=\"http:\/\/muzeumbojkow.pl\/wp-content\/uploads\/2023\/05\/DSC07693-1024x768.jpg\" alt=\"\" class=\"wp-image-1647\" srcset=\"https:\/\/muzeumbojkow.pl\/wp-content\/uploads\/2023\/05\/DSC07693-1024x768.jpg 1024w, https:\/\/muzeumbojkow.pl\/wp-content\/uploads\/2023\/05\/DSC07693-300x225.jpg 300w, https:\/\/muzeumbojkow.pl\/wp-content\/uploads\/2023\/05\/DSC07693-768x576.jpg 768w, https:\/\/muzeumbojkow.pl\/wp-content\/uploads\/2023\/05\/DSC07693-1536x1152.jpg 1536w, https:\/\/muzeumbojkow.pl\/wp-content\/uploads\/2023\/05\/DSC07693-2048x1536.jpg 2048w\" sizes=\"(max-width: 1024px) 100vw, 1024px\" \/><\/a><\/figure>\n\n\n\n<figure class=\"wp-block-image size-large\"><a href=\"http:\/\/muzeumbojkow.pl\/wp-content\/uploads\/2023\/05\/DSC07676-scaled.jpg\"><img decoding=\"async\" loading=\"lazy\" width=\"1024\" height=\"768\" data-id=\"1640\"  src=\"http:\/\/muzeumbojkow.pl\/wp-content\/uploads\/2023\/05\/DSC07676-1024x768.jpg\" alt=\"\" class=\"wp-image-1640\" srcset=\"https:\/\/muzeumbojkow.pl\/wp-content\/uploads\/2023\/05\/DSC07676-1024x768.jpg 1024w, https:\/\/muzeumbojkow.pl\/wp-content\/uploads\/2023\/05\/DSC07676-300x225.jpg 300w, https:\/\/muzeumbojkow.pl\/wp-content\/uploads\/2023\/05\/DSC07676-768x576.jpg 768w, https:\/\/muzeumbojkow.pl\/wp-content\/uploads\/2023\/05\/DSC07676-1536x1152.jpg 1536w, https:\/\/muzeumbojkow.pl\/wp-content\/uploads\/2023\/05\/DSC07676-2048x1536.jpg 2048w\" sizes=\"(max-width: 1024px) 100vw, 1024px\" \/><\/a><\/figure>\n\n\n\n<figure class=\"wp-block-image size-large\"><a href=\"http:\/\/muzeumbojkow.pl\/wp-content\/uploads\/2023\/05\/DSC07677-scaled.jpg\"><img decoding=\"async\" loading=\"lazy\" width=\"1024\" height=\"768\" data-id=\"1641\"  src=\"http:\/\/muzeumbojkow.pl\/wp-content\/uploads\/2023\/05\/DSC07677-1024x768.jpg\" alt=\"\" class=\"wp-image-1641\" srcset=\"https:\/\/muzeumbojkow.pl\/wp-content\/uploads\/2023\/05\/DSC07677-1024x768.jpg 1024w, https:\/\/muzeumbojkow.pl\/wp-content\/uploads\/2023\/05\/DSC07677-300x225.jpg 300w, https:\/\/muzeumbojkow.pl\/wp-content\/uploads\/2023\/05\/DSC07677-768x576.jpg 768w, https:\/\/muzeumbojkow.pl\/wp-content\/uploads\/2023\/05\/DSC07677-1536x1152.jpg 1536w, https:\/\/muzeumbojkow.pl\/wp-content\/uploads\/2023\/05\/DSC07677-2048x1536.jpg 2048w\" sizes=\"(max-width: 1024px) 100vw, 1024px\" \/><\/a><\/figure>\n\n\n\n<figure class=\"wp-block-image size-large\"><a href=\"http:\/\/muzeumbojkow.pl\/wp-content\/uploads\/2023\/05\/DSC07690-scaled.jpg\"><img decoding=\"async\" loading=\"lazy\" width=\"768\" height=\"1024\" data-id=\"1639\"  src=\"http:\/\/muzeumbojkow.pl\/wp-content\/uploads\/2023\/05\/DSC07690-768x1024.jpg\" alt=\"\" class=\"wp-image-1639\" srcset=\"https:\/\/muzeumbojkow.pl\/wp-content\/uploads\/2023\/05\/DSC07690-768x1024.jpg 768w, https:\/\/muzeumbojkow.pl\/wp-content\/uploads\/2023\/05\/DSC07690-225x300.jpg 225w, https:\/\/muzeumbojkow.pl\/wp-content\/uploads\/2023\/05\/DSC07690-1152x1536.jpg 1152w, https:\/\/muzeumbojkow.pl\/wp-content\/uploads\/2023\/05\/DSC07690-1536x2048.jpg 1536w, https:\/\/muzeumbojkow.pl\/wp-content\/uploads\/2023\/05\/DSC07690-scaled.jpg 1920w\" sizes=\"(max-width: 768px) 100vw, 768px\" \/><\/a><\/figure>\n\n\n\n<figure class=\"wp-block-image size-large\"><a href=\"http:\/\/muzeumbojkow.pl\/wp-content\/uploads\/2023\/05\/DSC07696-scaled.jpg\"><img decoding=\"async\" loading=\"lazy\" width=\"1024\" height=\"768\" data-id=\"1638\"  src=\"http:\/\/muzeumbojkow.pl\/wp-content\/uploads\/2023\/05\/DSC07696-1024x768.jpg\" alt=\"\" class=\"wp-image-1638\" srcset=\"https:\/\/muzeumbojkow.pl\/wp-content\/uploads\/2023\/05\/DSC07696-1024x768.jpg 1024w, https:\/\/muzeumbojkow.pl\/wp-content\/uploads\/2023\/05\/DSC07696-300x225.jpg 300w, https:\/\/muzeumbojkow.pl\/wp-content\/uploads\/2023\/05\/DSC07696-768x576.jpg 768w, https:\/\/muzeumbojkow.pl\/wp-content\/uploads\/2023\/05\/DSC07696-1536x1152.jpg 1536w, https:\/\/muzeumbojkow.pl\/wp-content\/uploads\/2023\/05\/DSC07696-2048x1536.jpg 2048w\" sizes=\"(max-width: 1024px) 100vw, 1024px\" \/><\/a><\/figure>\n\n\n\n<figure class=\"wp-block-image size-large\"><a href=\"http:\/\/muzeumbojkow.pl\/wp-content\/uploads\/2023\/05\/DSC07697-scaled.jpg\"><img decoding=\"async\" loading=\"lazy\" width=\"1024\" height=\"768\" data-id=\"1637\"  src=\"http:\/\/muzeumbojkow.pl\/wp-content\/uploads\/2023\/05\/DSC07697-1024x768.jpg\" alt=\"\" class=\"wp-image-1637\" srcset=\"https:\/\/muzeumbojkow.pl\/wp-content\/uploads\/2023\/05\/DSC07697-1024x768.jpg 1024w, https:\/\/muzeumbojkow.pl\/wp-content\/uploads\/2023\/05\/DSC07697-300x225.jpg 300w, https:\/\/muzeumbojkow.pl\/wp-content\/uploads\/2023\/05\/DSC07697-768x576.jpg 768w, https:\/\/muzeumbojkow.pl\/wp-content\/uploads\/2023\/05\/DSC07697-1536x1152.jpg 1536w, https:\/\/muzeumbojkow.pl\/wp-content\/uploads\/2023\/05\/DSC07697-2048x1536.jpg 2048w\" sizes=\"(max-width: 1024px) 100vw, 1024px\" \/><\/a><\/figure>\n\n\n\n<figure class=\"wp-block-image size-large\"><a href=\"http:\/\/muzeumbojkow.pl\/wp-content\/uploads\/2023\/05\/DSC07699-scaled.jpg\"><img decoding=\"async\" loading=\"lazy\" width=\"768\" height=\"1024\" data-id=\"1642\"  src=\"http:\/\/muzeumbojkow.pl\/wp-content\/uploads\/2023\/05\/DSC07699-768x1024.jpg\" alt=\"\" class=\"wp-image-1642\" srcset=\"https:\/\/muzeumbojkow.pl\/wp-content\/uploads\/2023\/05\/DSC07699-768x1024.jpg 768w, https:\/\/muzeumbojkow.pl\/wp-content\/uploads\/2023\/05\/DSC07699-225x300.jpg 225w, https:\/\/muzeumbojkow.pl\/wp-content\/uploads\/2023\/05\/DSC07699-1152x1536.jpg 1152w, https:\/\/muzeumbojkow.pl\/wp-content\/uploads\/2023\/05\/DSC07699-1536x2048.jpg 1536w, https:\/\/muzeumbojkow.pl\/wp-content\/uploads\/2023\/05\/DSC07699-scaled.jpg 1920w\" sizes=\"(max-width: 768px) 100vw, 768px\" \/><\/a><\/figure>\n\n\n\n<figure class=\"wp-block-image size-large\"><a href=\"http:\/\/muzeumbojkow.pl\/wp-content\/uploads\/2023\/05\/DSC07701-scaled.jpg\"><img decoding=\"async\" loading=\"lazy\" width=\"1024\" height=\"768\" data-id=\"1650\"  src=\"http:\/\/muzeumbojkow.pl\/wp-content\/uploads\/2023\/05\/DSC07701-1024x768.jpg\" alt=\"\" class=\"wp-image-1650\" srcset=\"https:\/\/muzeumbojkow.pl\/wp-content\/uploads\/2023\/05\/DSC07701-1024x768.jpg 1024w, https:\/\/muzeumbojkow.pl\/wp-content\/uploads\/2023\/05\/DSC07701-300x225.jpg 300w, https:\/\/muzeumbojkow.pl\/wp-content\/uploads\/2023\/05\/DSC07701-768x576.jpg 768w, https:\/\/muzeumbojkow.pl\/wp-content\/uploads\/2023\/05\/DSC07701-1536x1152.jpg 1536w, https:\/\/muzeumbojkow.pl\/wp-content\/uploads\/2023\/05\/DSC07701-2048x1536.jpg 2048w\" sizes=\"(max-width: 1024px) 100vw, 1024px\" \/><\/a><\/figure>\n\n\n\n<figure class=\"wp-block-image size-large\"><a href=\"http:\/\/muzeumbojkow.pl\/wp-content\/uploads\/2023\/05\/DSC07715-scaled.jpg\"><img decoding=\"async\" loading=\"lazy\" width=\"768\" height=\"1024\" data-id=\"1644\"  src=\"http:\/\/muzeumbojkow.pl\/wp-content\/uploads\/2023\/05\/DSC07715-768x1024.jpg\" alt=\"\" class=\"wp-image-1644\" srcset=\"https:\/\/muzeumbojkow.pl\/wp-content\/uploads\/2023\/05\/DSC07715-768x1024.jpg 768w, https:\/\/muzeumbojkow.pl\/wp-content\/uploads\/2023\/05\/DSC07715-225x300.jpg 225w, https:\/\/muzeumbojkow.pl\/wp-content\/uploads\/2023\/05\/DSC07715-1152x1536.jpg 1152w, https:\/\/muzeumbojkow.pl\/wp-content\/uploads\/2023\/05\/DSC07715-1536x2048.jpg 1536w, https:\/\/muzeumbojkow.pl\/wp-content\/uploads\/2023\/05\/DSC07715-scaled.jpg 1920w\" sizes=\"(max-width: 768px) 100vw, 768px\" \/><\/a><\/figure>\n\n\n\n<figure class=\"wp-block-image size-large\"><a href=\"http:\/\/muzeumbojkow.pl\/wp-content\/uploads\/2023\/05\/DSC07721-scaled.jpg\"><img decoding=\"async\" loading=\"lazy\" width=\"768\" height=\"1024\" data-id=\"1649\"  src=\"http:\/\/muzeumbojkow.pl\/wp-content\/uploads\/2023\/05\/DSC07721-768x1024.jpg\" alt=\"\" class=\"wp-image-1649\" srcset=\"https:\/\/muzeumbojkow.pl\/wp-content\/uploads\/2023\/05\/DSC07721-768x1024.jpg 768w, https:\/\/muzeumbojkow.pl\/wp-content\/uploads\/2023\/05\/DSC07721-225x300.jpg 225w, https:\/\/muzeumbojkow.pl\/wp-content\/uploads\/2023\/05\/DSC07721-1152x1536.jpg 1152w, https:\/\/muzeumbojkow.pl\/wp-content\/uploads\/2023\/05\/DSC07721-1536x2048.jpg 1536w, https:\/\/muzeumbojkow.pl\/wp-content\/uploads\/2023\/05\/DSC07721-scaled.jpg 1920w\" sizes=\"(max-width: 768px) 100vw, 768px\" \/><\/a><\/figure>\n\n\n\n<figure class=\"wp-block-image size-large\"><a href=\"http:\/\/muzeumbojkow.pl\/wp-content\/uploads\/2023\/05\/DSC07727-scaled.jpg\"><img decoding=\"async\" loading=\"lazy\" width=\"1024\" height=\"768\" data-id=\"1643\"  src=\"http:\/\/muzeumbojkow.pl\/wp-content\/uploads\/2023\/05\/DSC07727-1024x768.jpg\" alt=\"\" class=\"wp-image-1643\" srcset=\"https:\/\/muzeumbojkow.pl\/wp-content\/uploads\/2023\/05\/DSC07727-1024x768.jpg 1024w, https:\/\/muzeumbojkow.pl\/wp-content\/uploads\/2023\/05\/DSC07727-300x225.jpg 300w, https:\/\/muzeumbojkow.pl\/wp-content\/uploads\/2023\/05\/DSC07727-768x576.jpg 768w, https:\/\/muzeumbojkow.pl\/wp-content\/uploads\/2023\/05\/DSC07727-1536x1152.jpg 1536w, https:\/\/muzeumbojkow.pl\/wp-content\/uploads\/2023\/05\/DSC07727-2048x1536.jpg 2048w\" sizes=\"(max-width: 1024px) 100vw, 1024px\" \/><\/a><\/figure>\n\n\n\n<figure class=\"wp-block-image size-large\"><a href=\"http:\/\/muzeumbojkow.pl\/wp-content\/uploads\/2023\/05\/DSC07739-scaled.jpg\"><img decoding=\"async\" loading=\"lazy\" width=\"1024\" height=\"768\" data-id=\"1646\"  src=\"http:\/\/muzeumbojkow.pl\/wp-content\/uploads\/2023\/05\/DSC07739-1024x768.jpg\" alt=\"\" class=\"wp-image-1646\" srcset=\"https:\/\/muzeumbojkow.pl\/wp-content\/uploads\/2023\/05\/DSC07739-1024x768.jpg 1024w, https:\/\/muzeumbojkow.pl\/wp-content\/uploads\/2023\/05\/DSC07739-300x225.jpg 300w, https:\/\/muzeumbojkow.pl\/wp-content\/uploads\/2023\/05\/DSC07739-768x576.jpg 768w, https:\/\/muzeumbojkow.pl\/wp-content\/uploads\/2023\/05\/DSC07739-1536x1152.jpg 1536w, https:\/\/muzeumbojkow.pl\/wp-content\/uploads\/2023\/05\/DSC07739-2048x1536.jpg 2048w\" sizes=\"(max-width: 1024px) 100vw, 1024px\" \/><\/a><\/figure>\n\n\n\n<figure class=\"wp-block-image size-large\"><a href=\"http:\/\/muzeumbojkow.pl\/wp-content\/uploads\/2023\/05\/DSC07746-scaled.jpg\"><img decoding=\"async\" loading=\"lazy\" width=\"768\" height=\"1024\" data-id=\"1645\"  src=\"http:\/\/muzeumbojkow.pl\/wp-content\/uploads\/2023\/05\/DSC07746-768x1024.jpg\" alt=\"\" class=\"wp-image-1645\" srcset=\"https:\/\/muzeumbojkow.pl\/wp-content\/uploads\/2023\/05\/DSC07746-768x1024.jpg 768w, https:\/\/muzeumbojkow.pl\/wp-content\/uploads\/2023\/05\/DSC07746-225x300.jpg 225w, https:\/\/muzeumbojkow.pl\/wp-content\/uploads\/2023\/05\/DSC07746-1152x1536.jpg 1152w, https:\/\/muzeumbojkow.pl\/wp-content\/uploads\/2023\/05\/DSC07746-1536x2048.jpg 1536w, https:\/\/muzeumbojkow.pl\/wp-content\/uploads\/2023\/05\/DSC07746-scaled.jpg 1920w\" sizes=\"(max-width: 768px) 100vw, 768px\" \/><\/a><\/figure>\n<\/figure>\n\n\n\n<figure class=\"wp-block-image size-large\"><a href=\"http:\/\/muzeumbojkow.pl\/wp-content\/uploads\/2023\/05\/DSC07727-1-scaled.jpg\"><img decoding=\"async\" loading=\"lazy\" width=\"1024\" height=\"768\" src=\"http:\/\/muzeumbojkow.pl\/wp-content\/uploads\/2023\/05\/DSC07727-1-1024x768.jpg\" alt=\"\" class=\"wp-image-1648\" srcset=\"https:\/\/muzeumbojkow.pl\/wp-content\/uploads\/2023\/05\/DSC07727-1-1024x768.jpg 1024w, https:\/\/muzeumbojkow.pl\/wp-content\/uploads\/2023\/05\/DSC07727-1-300x225.jpg 300w, https:\/\/muzeumbojkow.pl\/wp-content\/uploads\/2023\/05\/DSC07727-1-768x576.jpg 768w, https:\/\/muzeumbojkow.pl\/wp-content\/uploads\/2023\/05\/DSC07727-1-1536x1152.jpg 1536w, https:\/\/muzeumbojkow.pl\/wp-content\/uploads\/2023\/05\/DSC07727-1-2048x1536.jpg 2048w\" sizes=\"(max-width: 1024px) 100vw, 1024px\" \/><\/a><\/figure>\n","protected":false},"excerpt":{"rendered":"","protected":false},"author":1,"featured_media":0,"parent":43,"menu_order":1,"comment_status":"closed","ping_status":"closed","template":"","meta":{"ngg_post_thumbnail":0},"_links":{"self":[{"href":"https:\/\/muzeumbojkow.pl\/index.php?rest_route=\/wp\/v2\/pages\/1635"}],"collection":[{"href":"https:\/\/muzeumbojkow.pl\/index.php?rest_route=\/wp\/v2\/pages"}],"about":[{"href":"https:\/\/muzeumbojkow.pl\/index.php?rest_route=\/wp\/v2\/types\/page"}],"author":[{"embeddable":true,"href":"https:\/\/muzeumbojkow.pl\/index.php?rest_route=\/wp\/v2\/users\/1"}],"replies":[{"embeddable":true,"href":"https:\/\/muzeumbojkow.pl\/index.php?rest_route=%2Fwp%2Fv2%2Fcomments&post=1635"}],"version-history":[{"count":2,"href":"https:\/\/muzeumbojkow.pl\/index.php?rest_route=\/wp\/v2\/pages\/1635\/revisions"}],"predecessor-version":[{"id":1661,"href":"https:\/\/muzeumbojkow.pl\/index.php?rest_route=\/wp\/v2\/pages\/1635\/revisions\/1661"}],"up":[{"embeddable":true,"href":"https:\/\/muzeumbojkow.pl\/index.php?rest_route=\/wp\/v2\/pages\/43"}],"wp:attachment":[{"href":"https:\/\/muzeumbojkow.pl\/index.php?rest_route=%2Fwp%2Fv2%2Fmedia&parent=1635"}],"curies":[{"name":"wp","href":"https:\/\/api.w.org\/{rel}","templated":true}]}}