{"id":49,"date":"2017-05-15T08:51:36","date_gmt":"2017-05-15T08:51:36","guid":{"rendered":"https:\/\/muzeumbojkow.pl\/?page_id=49"},"modified":"2025-03-19T10:26:44","modified_gmt":"2025-03-19T10:26:44","slug":"cennik-zwiedzania","status":"publish","type":"page","link":"https:\/\/muzeumbojkow.pl\/?page_id=49","title":{"rendered":"Zaj\u0119cia edukacyjne"},"content":{"rendered":"<h6 style=\"text-align: justify;\"><strong>Muzeum zaprasza do udzia\u0142u w zaj\u0119ciach edukacyjnych o tematyce zwi\u0105zanej z dawnym gospodarstwem wiejskim, z pracami domowymi, rzemios\u0142em, tradycyjn\u0105 sztuk\u0105, ze zwyczajami i obrz\u0119dowo\u015bci\u0105 ludow\u0105. Zaj\u0119cia odbywaj\u0105 si\u0119 w formie, pokaz\u00f3w, warsztat\u00f3w lub prelekcji. Oferta skierowana jest do dzieci, m\u0142odzie\u017cy i doros\u0142ych.<\/strong><br \/>\n<strong> Zaj\u0119cia prowadzone s\u0105 na terenie Muzeum, mog\u0105 by\u0107 \u0142\u0105czone ze zwiedzaniem tematycznych ekspozycji&nbsp; muzealnych, warsztatami&nbsp; oraz z piknikiem na terenie Muzeum.<\/strong><\/h6>\n<h6 style=\"text-align: justify;\"><strong>PROPONOWANE TEMATY ZAJ\u0118\u0106<\/strong><\/h6>\n<p><a href=\"http:\/\/muzeumbojkow.pl\/wp-content\/uploads\/2017\/05\/\u017carna1.jpg\"><img decoding=\"async\" loading=\"lazy\" class=\"alignnone size-full wp-image-152\" src=\"http:\/\/muzeumbojkow.pl\/wp-content\/uploads\/2017\/05\/\u017carna1.jpg\" alt=\"\u017carna\" width=\"425\" height=\"286\" srcset=\"https:\/\/muzeumbojkow.pl\/wp-content\/uploads\/2017\/05\/\u017carna1.jpg 425w, https:\/\/muzeumbojkow.pl\/wp-content\/uploads\/2017\/05\/\u017carna1-300x202.jpg 300w\" sizes=\"(max-width: 425px) 100vw, 425px\" \/><\/a><\/p>\n<ul>\n<li style=\"text-align: justify;\">\n<h6><strong><span style=\"color: #544141;\">&#8220;W domu i zagrodzie<\/span>, czyli opowie\u015b\u0107 o \u017cyciu codziennym na wsi&#8221;. Zaj\u0119cia umo\u017cliwiaj\u0105 r\u00f3wnie\u017c bezpo\u015bredni kontakt z dawnymi sprz\u0119tami i narz\u0119dziami u\u017cywanymi w gospodarstwie wiejskim lub przez rzemie\u015blnik\u00f3w ludowych oraz przypomnienie dawnych prac gospodarskich i zwyczaj\u00f3w ludowych.<\/strong><\/h6>\n<\/li>\n<li style=\"text-align: justify;\">\n<h6><strong><span style=\"color: #544141;\">&#8220;Wok\u00f3\u0142 starego pieca<\/span>, czyli CO jadali dawni Bojkowie&#8221;. Na zaj\u0119ciach dowiemy si\u0119 jak \u017cyli dawni Bojkowie i co go\u015bci\u0142o na ich sto\u0142ach. Zaj\u0119cia mog\u0105 by\u0107 po\u0142\u0105czone z degustacj\u0105 tradycyjnych potraw bojkowskich.<\/strong><\/h6>\n<\/li>\n<li style=\"text-align: justify;\">\n<h6><strong><span style=\"color: #544141;\">&#8220;Wielkanoc w Bieszczadach&#8221;<\/span> \u2013 &nbsp;odkrywamy zapomniane, \u015bwi\u0105teczne zwyczaje i obrz\u0119dy. Pisanki&nbsp;to nieodzowny symbol \u015bwi\u0105t Wielkiej Nocy. Chyba nikt nie wyobra\u017ca sobie wielkanocnego koszyczka bez nich. Wsp\u00f3lne malowanie jaj to nie tylko tradycja, ale tak\u017ce dobra zabawa. Zapraszamy do poznania tradycyjnych technik zdobienia pisanek.<span style=\"color: #52402b;\">&nbsp;<a style=\"color: #52402b;\" href=\"https:\/\/muzeumbojkow.pl\/?page_id=848\">wi\u0119cej<\/a><\/span><\/strong><\/h6>\n<\/li>\n<li style=\"text-align: justify;\">\n<h6><strong><span style=\"color: #544141;\">&#8220;Tradycje Bo\u017conarodzeniowe na bieszczadzkiej wsi&#8221;<\/span> \u2013 &nbsp;dowiemy si\u0119 jak kiedy\u015b wygl\u0105da\u0142y obchody&nbsp;\u015awi\u0105t Bo\u017cego Narodzenia, wigilijne potrawy, \u015bwi\u0105teczne \u017cyczenia, choinka i prezenty czy bo\u017conarodzeniowa szopka. Lekcja po\u0142\u0105czon\u0105 jest z warsztatami, na kt\u00f3rych wykonujemy tradycyjne ozdoby \u015bwi\u0105teczne, m.in. z papieru, bibu\u0142y i s\u0142omy, kt\u00f3rymi zdobiono dawn\u0105 wiejsk\u0105 chat\u0119 i choink\u0119.&nbsp;<span style=\"color: #52402b;\"><a style=\"color: #52402b;\" href=\"https:\/\/muzeumbojkow.pl\/?page_id=53\">wi\u0119cej<\/a><\/span><\/strong><\/h6>\n<\/li>\n<li style=\"text-align: justify;\">\n<h6><strong><span style=\"color: #544141;\"><span style=\"color: #52402b;\">\u201eNie \u015bwi\u0119ci garnki<\/span> lepi\u0105\u201d<\/span> \u2013 uczestnicy&nbsp; b\u0119d\u0105 mieli okazje wys\u0142ucha\u0107 kr\u00f3tkiej historii garncarstwa, dowiedzie\u0107 si\u0119 jak pozyskuje si\u0119 glin\u0119 i przygotowuje j\u0105 do pracy. Poka\u017cemy jak toczy si\u0119 glin\u0119 na kole garncarskim. Na zaj\u0119ciach b\u0119dzie mo\u017cna&nbsp; spr\u00f3bowa\u0107 swoich si\u0142 w toczeniu naczy\u0144 pod okiem garncarza oraz zabra\u0107 swoje prace do domu.<\/strong><\/h6>\n<\/li>\n<\/ul>\n","protected":false},"excerpt":{"rendered":"<p>Muzeum zaprasza do udzia\u0142u w zaj\u0119ciach edukacyjnych o tematyce zwi\u0105zanej z dawnym gospodarstwem wiejskim, z pracami domowymi, rzemios\u0142em, tradycyjn\u0105 sztuk\u0105, ze zwyczajami i obrz\u0119dowo\u015bci\u0105 ludow\u0105. Zaj\u0119cia odbywaj\u0105 si\u0119 w formie, pokaz\u00f3w, warsztat\u00f3w lub prelekcji. Oferta skierowana jest do dzieci, m\u0142odzie\u017cy i doros\u0142ych. Zaj\u0119cia prowadzone s\u0105 na terenie Muzeum, mog\u0105 by\u0107 \u0142\u0105czone ze zwiedzaniem tematycznych ekspozycji&nbsp;&hellip; <\/p>\n","protected":false},"author":1,"featured_media":0,"parent":0,"menu_order":0,"comment_status":"closed","ping_status":"open","template":"","meta":{"ngg_post_thumbnail":0},"_links":{"self":[{"href":"https:\/\/muzeumbojkow.pl\/index.php?rest_route=\/wp\/v2\/pages\/49"}],"collection":[{"href":"https:\/\/muzeumbojkow.pl\/index.php?rest_route=\/wp\/v2\/pages"}],"about":[{"href":"https:\/\/muzeumbojkow.pl\/index.php?rest_route=\/wp\/v2\/types\/page"}],"author":[{"embeddable":true,"href":"https:\/\/muzeumbojkow.pl\/index.php?rest_route=\/wp\/v2\/users\/1"}],"replies":[{"embeddable":true,"href":"https:\/\/muzeumbojkow.pl\/index.php?rest_route=%2Fwp%2Fv2%2Fcomments&post=49"}],"version-history":[{"count":36,"href":"https:\/\/muzeumbojkow.pl\/index.php?rest_route=\/wp\/v2\/pages\/49\/revisions"}],"predecessor-version":[{"id":1916,"href":"https:\/\/muzeumbojkow.pl\/index.php?rest_route=\/wp\/v2\/pages\/49\/revisions\/1916"}],"wp:attachment":[{"href":"https:\/\/muzeumbojkow.pl\/index.php?rest_route=%2Fwp%2Fv2%2Fmedia&parent=49"}],"curies":[{"name":"wp","href":"https:\/\/api.w.org\/{rel}","templated":true}]}}