{"id":53,"date":"2017-05-15T08:52:32","date_gmt":"2017-05-15T08:52:32","guid":{"rendered":"https:\/\/muzeumbojkow.pl\/?page_id=53"},"modified":"2019-04-16T08:09:32","modified_gmt":"2019-04-16T08:09:32","slug":"warsztaty","status":"publish","type":"page","link":"https:\/\/muzeumbojkow.pl\/?page_id=53","title":{"rendered":"WARSZTATY BO\u017bE NARODZENIE 2018"},"content":{"rendered":"<h6><strong>W zwi\u0105zku ze zbli\u017caj\u0105cymi si\u0119 \u015awi\u0119tami Bo\u017cego Narodzenia GOKSiT w Solinie z\/s w Pola\u0144czyku, jak co roku, zorganizowa\u0142 warsztaty \u015bwi\u0105teczne. Zaj\u0119cia odby\u0142y si\u0119 15 grudnia, w sobot\u0119, w nowo otwartym Regionalnym Centrum Kultury w Myczkowie. Uczestniczy\u0142y w nich nie tylko dzieci, ale r\u00f3wnie\u017c m\u0142odzie\u017c i doro\u015bli. W \u015bwi\u0105tecznym nastroju, przy d\u017awi\u0119kach kol\u0119d, w\u0142asnor\u0119czne wykonanie ozd\u00f3b sprawi\u0142o wszystkim wiele rado\u015bci i satysfakcji. Prawdziwe cude\u0144ka, \u201ewyczarowane\u201d z szyszek, wst\u0105\u017cek, koralik\u00f3w, pi\u00f3r i papieru, zawis\u0142y na jod\u0142owym drzewku w Muzeum Bojk\u00f3w w Myczkowie.<\/strong><\/h6>\n<h6><strong>Na zako\u0144czenie warsztat\u00f3w uczestnicy zaproszeni zostali na ciastko i herbat\u0119 do <em>Galerii u Bojk\u00f3w<\/em>. Dzi\u0119kujemy wszystkim za liczne przybycie i mile sp\u0119dzony wsp\u00f3lnie<\/strong> <strong>czas.<\/strong><\/h6>\n<!-- index.php -->\n<div\n\tclass=\"ngg-galleryoverview ngg-ajax-pagination-none\"\n\tid=\"ngg-gallery-4b6a52594965c1595ebad1aa4191d682-1\">\n\n    \t<div class=\"slideshowlink\">\n        <a href='https:\/\/muzeumbojkow.pl\/index.php\/nggallery\/slideshow?page_id=53'>&#091;Pokaz zdj\u0119\u0107&#093;<\/a>\n\t\t\n\t<\/div>\n\t\t\t<!-- Thumbnails -->\n\t\t\t\t<div id=\"ngg-image-0\" class=\"ngg-gallery-thumbnail-box\" >\n\t\t\t\t        <div class=\"ngg-gallery-thumbnail\">\n            <a href=\"https:\/\/muzeumbojkow.pl\/wp-content\/gallery\/boze-narodzenie\/DSC00364.jpg\"\n               title=\"\"\n               data-src=\"https:\/\/muzeumbojkow.pl\/wp-content\/gallery\/boze-narodzenie\/DSC00364.jpg\"\n               data-thumbnail=\"https:\/\/muzeumbojkow.pl\/wp-content\/gallery\/boze-narodzenie\/thumbs\/thumbs_DSC00364.jpg\"\n               data-image-id=\"178\"\n               data-title=\"DSC00364\"\n               data-description=\"\"\n               data-image-slug=\"dsc00364\"\n               class='use_imagebrowser_effect' data-imagebrowser-url='https:\/\/muzeumbojkow.pl\/index.php\/nggallery\/image\/%STUB%?page_id=53'>\n                <img\n                    title=\"DSC00364\"\n                    alt=\"DSC00364\"\n                    src=\"https:\/\/muzeumbojkow.pl\/wp-content\/gallery\/boze-narodzenie\/cache\/DSC00364.jpg-nggid03178-ngg0dyn-240x160x100-00f0w010c011r110f110r010t010.jpg\"\n                    width=\"240\"\n                    height=\"160\"\n                    style=\"max-width:100%;\"\n                \/>\n            <\/a>\n        <\/div>\n\t\t\t\t\t\t\t<\/div> \n\t\t\t\n                            \n\t\t\t\t<div id=\"ngg-image-1\" class=\"ngg-gallery-thumbnail-box\" >\n\t\t\t\t        <div class=\"ngg-gallery-thumbnail\">\n            <a href=\"https:\/\/muzeumbojkow.pl\/wp-content\/gallery\/boze-narodzenie\/DSC00424.jpg\"\n               title=\"\"\n               data-src=\"https:\/\/muzeumbojkow.pl\/wp-content\/gallery\/boze-narodzenie\/DSC00424.jpg\"\n               data-thumbnail=\"https:\/\/muzeumbojkow.pl\/wp-content\/gallery\/boze-narodzenie\/thumbs\/thumbs_DSC00424.jpg\"\n               data-image-id=\"183\"\n               data-title=\"DSC00424\"\n               data-description=\"\"\n               data-image-slug=\"dsc00424\"\n               class='use_imagebrowser_effect' data-imagebrowser-url='https:\/\/muzeumbojkow.pl\/index.php\/nggallery\/image\/%STUB%?page_id=53'>\n                <img\n                    title=\"DSC00424\"\n                    alt=\"DSC00424\"\n                    src=\"https:\/\/muzeumbojkow.pl\/wp-content\/gallery\/boze-narodzenie\/cache\/DSC00424.jpg-nggid03183-ngg0dyn-240x160x100-00f0w010c011r110f110r010t010.jpg\"\n                    width=\"240\"\n                    height=\"160\"\n                    style=\"max-width:100%;\"\n                \/>\n            <\/a>\n        <\/div>\n\t\t\t\t\t\t\t<\/div> \n\t\t\t\n                            \n\t\t\t\t<div id=\"ngg-image-2\" class=\"ngg-gallery-thumbnail-box\" >\n\t\t\t\t        <div class=\"ngg-gallery-thumbnail\">\n            <a href=\"https:\/\/muzeumbojkow.pl\/wp-content\/gallery\/boze-narodzenie\/DSC00433.jpg\"\n               title=\"\"\n               data-src=\"https:\/\/muzeumbojkow.pl\/wp-content\/gallery\/boze-narodzenie\/DSC00433.jpg\"\n               data-thumbnail=\"https:\/\/muzeumbojkow.pl\/wp-content\/gallery\/boze-narodzenie\/thumbs\/thumbs_DSC00433.jpg\"\n               data-image-id=\"184\"\n               data-title=\"DSC00433\"\n               data-description=\"\"\n               data-image-slug=\"dsc00433\"\n               class='use_imagebrowser_effect' data-imagebrowser-url='https:\/\/muzeumbojkow.pl\/index.php\/nggallery\/image\/%STUB%?page_id=53'>\n                <img\n                    title=\"DSC00433\"\n                    alt=\"DSC00433\"\n                    src=\"https:\/\/muzeumbojkow.pl\/wp-content\/gallery\/boze-narodzenie\/cache\/DSC00433.jpg-nggid03184-ngg0dyn-240x160x100-00f0w010c011r110f110r010t010.jpg\"\n                    width=\"240\"\n                    height=\"160\"\n                    style=\"max-width:100%;\"\n                \/>\n            <\/a>\n        <\/div>\n\t\t\t\t\t\t\t<\/div> \n\t\t\t\n                                    <br style=\"clear: both\" \/>\n                    \n\t\t\t\t<div id=\"ngg-image-3\" class=\"ngg-gallery-thumbnail-box\" >\n\t\t\t\t        <div class=\"ngg-gallery-thumbnail\">\n            <a href=\"https:\/\/muzeumbojkow.pl\/wp-content\/gallery\/boze-narodzenie\/DSC00404.jpg\"\n               title=\"\"\n               data-src=\"https:\/\/muzeumbojkow.pl\/wp-content\/gallery\/boze-narodzenie\/DSC00404.jpg\"\n               data-thumbnail=\"https:\/\/muzeumbojkow.pl\/wp-content\/gallery\/boze-narodzenie\/thumbs\/thumbs_DSC00404.jpg\"\n               data-image-id=\"182\"\n               data-title=\"DSC00404\"\n               data-description=\"\"\n               data-image-slug=\"dsc00404\"\n               class='use_imagebrowser_effect' data-imagebrowser-url='https:\/\/muzeumbojkow.pl\/index.php\/nggallery\/image\/%STUB%?page_id=53'>\n                <img\n                    title=\"DSC00404\"\n                    alt=\"DSC00404\"\n                    src=\"https:\/\/muzeumbojkow.pl\/wp-content\/gallery\/boze-narodzenie\/cache\/DSC00404.jpg-nggid03182-ngg0dyn-240x160x100-00f0w010c011r110f110r010t010.jpg\"\n                    width=\"240\"\n                    height=\"160\"\n                    style=\"max-width:100%;\"\n                \/>\n            <\/a>\n        <\/div>\n\t\t\t\t\t\t\t<\/div> \n\t\t\t\n                            \n\t\t\t\t<div id=\"ngg-image-4\" class=\"ngg-gallery-thumbnail-box\" >\n\t\t\t\t        <div class=\"ngg-gallery-thumbnail\">\n            <a href=\"https:\/\/muzeumbojkow.pl\/wp-content\/gallery\/boze-narodzenie\/DSC00395.jpg\"\n               title=\"\"\n               data-src=\"https:\/\/muzeumbojkow.pl\/wp-content\/gallery\/boze-narodzenie\/DSC00395.jpg\"\n               data-thumbnail=\"https:\/\/muzeumbojkow.pl\/wp-content\/gallery\/boze-narodzenie\/thumbs\/thumbs_DSC00395.jpg\"\n               data-image-id=\"181\"\n               data-title=\"DSC00395\"\n               data-description=\"\"\n               data-image-slug=\"dsc00395\"\n               class='use_imagebrowser_effect' data-imagebrowser-url='https:\/\/muzeumbojkow.pl\/index.php\/nggallery\/image\/%STUB%?page_id=53'>\n                <img\n                    title=\"DSC00395\"\n                    alt=\"DSC00395\"\n                    src=\"https:\/\/muzeumbojkow.pl\/wp-content\/gallery\/boze-narodzenie\/cache\/DSC00395.jpg-nggid03181-ngg0dyn-240x160x100-00f0w010c011r110f110r010t010.jpg\"\n                    width=\"240\"\n                    height=\"160\"\n                    style=\"max-width:100%;\"\n                \/>\n            <\/a>\n        <\/div>\n\t\t\t\t\t\t\t<\/div> \n\t\t\t\n                            \n\t\t\t\t<div id=\"ngg-image-5\" class=\"ngg-gallery-thumbnail-box\" >\n\t\t\t\t        <div class=\"ngg-gallery-thumbnail\">\n            <a href=\"https:\/\/muzeumbojkow.pl\/wp-content\/gallery\/boze-narodzenie\/DSC00396.jpg\"\n               title=\"\"\n               data-src=\"https:\/\/muzeumbojkow.pl\/wp-content\/gallery\/boze-narodzenie\/DSC00396.jpg\"\n               data-thumbnail=\"https:\/\/muzeumbojkow.pl\/wp-content\/gallery\/boze-narodzenie\/thumbs\/thumbs_DSC00396.jpg\"\n               data-image-id=\"180\"\n               data-title=\"DSC00396\"\n               data-description=\"\"\n               data-image-slug=\"dsc00396\"\n               class='use_imagebrowser_effect' data-imagebrowser-url='https:\/\/muzeumbojkow.pl\/index.php\/nggallery\/image\/%STUB%?page_id=53'>\n                <img\n                    title=\"DSC00396\"\n                    alt=\"DSC00396\"\n                    src=\"https:\/\/muzeumbojkow.pl\/wp-content\/gallery\/boze-narodzenie\/cache\/DSC00396.jpg-nggid03180-ngg0dyn-240x160x100-00f0w010c011r110f110r010t010.jpg\"\n                    width=\"240\"\n                    height=\"160\"\n                    style=\"max-width:100%;\"\n                \/>\n            <\/a>\n        <\/div>\n\t\t\t\t\t\t\t<\/div> \n\t\t\t\n                                    <br style=\"clear: both\" \/>\n                    \n\t\t\t\t<div id=\"ngg-image-6\" class=\"ngg-gallery-thumbnail-box\" >\n\t\t\t\t        <div class=\"ngg-gallery-thumbnail\">\n            <a href=\"https:\/\/muzeumbojkow.pl\/wp-content\/gallery\/boze-narodzenie\/DSC00435.jpg\"\n               title=\"\"\n               data-src=\"https:\/\/muzeumbojkow.pl\/wp-content\/gallery\/boze-narodzenie\/DSC00435.jpg\"\n               data-thumbnail=\"https:\/\/muzeumbojkow.pl\/wp-content\/gallery\/boze-narodzenie\/thumbs\/thumbs_DSC00435.jpg\"\n               data-image-id=\"185\"\n               data-title=\"DSC00435\"\n               data-description=\"\"\n               data-image-slug=\"dsc00435\"\n               class='use_imagebrowser_effect' data-imagebrowser-url='https:\/\/muzeumbojkow.pl\/index.php\/nggallery\/image\/%STUB%?page_id=53'>\n                <img\n                    title=\"DSC00435\"\n                    alt=\"DSC00435\"\n                    src=\"https:\/\/muzeumbojkow.pl\/wp-content\/gallery\/boze-narodzenie\/cache\/DSC00435.jpg-nggid03185-ngg0dyn-240x160x100-00f0w010c011r110f110r010t010.jpg\"\n                    width=\"240\"\n                    height=\"160\"\n                    style=\"max-width:100%;\"\n                \/>\n            <\/a>\n        <\/div>\n\t\t\t\t\t\t\t<\/div> \n\t\t\t\n                            \n\t\t\t\t<div id=\"ngg-image-7\" class=\"ngg-gallery-thumbnail-box\" >\n\t\t\t\t        <div class=\"ngg-gallery-thumbnail\">\n            <a href=\"https:\/\/muzeumbojkow.pl\/wp-content\/gallery\/boze-narodzenie\/DSC00438.jpg\"\n               title=\"\"\n               data-src=\"https:\/\/muzeumbojkow.pl\/wp-content\/gallery\/boze-narodzenie\/DSC00438.jpg\"\n               data-thumbnail=\"https:\/\/muzeumbojkow.pl\/wp-content\/gallery\/boze-narodzenie\/thumbs\/thumbs_DSC00438.jpg\"\n               data-image-id=\"186\"\n               data-title=\"DSC00438\"\n               data-description=\"\"\n               data-image-slug=\"dsc00438\"\n               class='use_imagebrowser_effect' data-imagebrowser-url='https:\/\/muzeumbojkow.pl\/index.php\/nggallery\/image\/%STUB%?page_id=53'>\n                <img\n                    title=\"DSC00438\"\n                    alt=\"DSC00438\"\n                    src=\"https:\/\/muzeumbojkow.pl\/wp-content\/gallery\/boze-narodzenie\/cache\/DSC00438.jpg-nggid03186-ngg0dyn-240x160x100-00f0w010c011r110f110r010t010.jpg\"\n                    width=\"240\"\n                    height=\"160\"\n                    style=\"max-width:100%;\"\n                \/>\n            <\/a>\n        <\/div>\n\t\t\t\t\t\t\t<\/div> \n\t\t\t\n                            \n\t\t\t\t<div id=\"ngg-image-8\" class=\"ngg-gallery-thumbnail-box\" >\n\t\t\t\t        <div class=\"ngg-gallery-thumbnail\">\n            <a href=\"https:\/\/muzeumbojkow.pl\/wp-content\/gallery\/boze-narodzenie\/DSC00441.jpg\"\n               title=\"\"\n               data-src=\"https:\/\/muzeumbojkow.pl\/wp-content\/gallery\/boze-narodzenie\/DSC00441.jpg\"\n               data-thumbnail=\"https:\/\/muzeumbojkow.pl\/wp-content\/gallery\/boze-narodzenie\/thumbs\/thumbs_DSC00441.jpg\"\n               data-image-id=\"187\"\n               data-title=\"DSC00441\"\n               data-description=\"\"\n               data-image-slug=\"dsc00441\"\n               class='use_imagebrowser_effect' data-imagebrowser-url='https:\/\/muzeumbojkow.pl\/index.php\/nggallery\/image\/%STUB%?page_id=53'>\n                <img\n                    title=\"DSC00441\"\n                    alt=\"DSC00441\"\n                    src=\"https:\/\/muzeumbojkow.pl\/wp-content\/gallery\/boze-narodzenie\/cache\/DSC00441.jpg-nggid03187-ngg0dyn-240x160x100-00f0w010c011r110f110r010t010.jpg\"\n                    width=\"240\"\n                    height=\"160\"\n                    style=\"max-width:100%;\"\n                \/>\n            <\/a>\n        <\/div>\n\t\t\t\t\t\t\t<\/div> \n\t\t\t\n                                    <br style=\"clear: both\" \/>\n                    \n\t\t\t\t<div id=\"ngg-image-9\" class=\"ngg-gallery-thumbnail-box\" >\n\t\t\t\t        <div class=\"ngg-gallery-thumbnail\">\n            <a href=\"https:\/\/muzeumbojkow.pl\/wp-content\/gallery\/boze-narodzenie\/DSC00439.jpg\"\n               title=\"\"\n               data-src=\"https:\/\/muzeumbojkow.pl\/wp-content\/gallery\/boze-narodzenie\/DSC00439.jpg\"\n               data-thumbnail=\"https:\/\/muzeumbojkow.pl\/wp-content\/gallery\/boze-narodzenie\/thumbs\/thumbs_DSC00439.jpg\"\n               data-image-id=\"188\"\n               data-title=\"DSC00439\"\n               data-description=\"\"\n               data-image-slug=\"dsc00439\"\n               class='use_imagebrowser_effect' data-imagebrowser-url='https:\/\/muzeumbojkow.pl\/index.php\/nggallery\/image\/%STUB%?page_id=53'>\n                <img\n                    title=\"DSC00439\"\n                    alt=\"DSC00439\"\n                    src=\"https:\/\/muzeumbojkow.pl\/wp-content\/gallery\/boze-narodzenie\/cache\/DSC00439.jpg-nggid03188-ngg0dyn-240x160x100-00f0w010c011r110f110r010t010.jpg\"\n                    width=\"240\"\n                    height=\"160\"\n                    style=\"max-width:100%;\"\n                \/>\n            <\/a>\n        <\/div>\n\t\t\t\t\t\t\t<\/div> \n\t\t\t\n                            \n\t\t\t\t<div id=\"ngg-image-10\" class=\"ngg-gallery-thumbnail-box\" >\n\t\t\t\t        <div class=\"ngg-gallery-thumbnail\">\n            <a href=\"https:\/\/muzeumbojkow.pl\/wp-content\/gallery\/boze-narodzenie\/DSC00455.jpg\"\n               title=\"\"\n               data-src=\"https:\/\/muzeumbojkow.pl\/wp-content\/gallery\/boze-narodzenie\/DSC00455.jpg\"\n               data-thumbnail=\"https:\/\/muzeumbojkow.pl\/wp-content\/gallery\/boze-narodzenie\/thumbs\/thumbs_DSC00455.jpg\"\n               data-image-id=\"189\"\n               data-title=\"DSC00455\"\n               data-description=\"\"\n               data-image-slug=\"dsc00455\"\n               class='use_imagebrowser_effect' data-imagebrowser-url='https:\/\/muzeumbojkow.pl\/index.php\/nggallery\/image\/%STUB%?page_id=53'>\n                <img\n                    title=\"DSC00455\"\n                    alt=\"DSC00455\"\n                    src=\"https:\/\/muzeumbojkow.pl\/wp-content\/gallery\/boze-narodzenie\/cache\/DSC00455.jpg-nggid03189-ngg0dyn-240x160x100-00f0w010c011r110f110r010t010.jpg\"\n                    width=\"240\"\n                    height=\"160\"\n                    style=\"max-width:100%;\"\n                \/>\n            <\/a>\n        <\/div>\n\t\t\t\t\t\t\t<\/div> \n\t\t\t\n                            \n\t\t\t\t<div id=\"ngg-image-11\" class=\"ngg-gallery-thumbnail-box\" >\n\t\t\t\t        <div class=\"ngg-gallery-thumbnail\">\n            <a href=\"https:\/\/muzeumbojkow.pl\/wp-content\/gallery\/boze-narodzenie\/IMG_4451.jpg\"\n               title=\"\"\n               data-src=\"https:\/\/muzeumbojkow.pl\/wp-content\/gallery\/boze-narodzenie\/IMG_4451.jpg\"\n               data-thumbnail=\"https:\/\/muzeumbojkow.pl\/wp-content\/gallery\/boze-narodzenie\/thumbs\/thumbs_IMG_4451.jpg\"\n               data-image-id=\"190\"\n               data-title=\"IMG_4451\"\n               data-description=\"\"\n               data-image-slug=\"img_4451\"\n               class='use_imagebrowser_effect' data-imagebrowser-url='https:\/\/muzeumbojkow.pl\/index.php\/nggallery\/image\/%STUB%?page_id=53'>\n                <img\n                    title=\"IMG_4451\"\n                    alt=\"IMG_4451\"\n                    src=\"https:\/\/muzeumbojkow.pl\/wp-content\/gallery\/boze-narodzenie\/cache\/IMG_4451.jpg-nggid03190-ngg0dyn-240x160x100-00f0w010c011r110f110r010t010.jpg\"\n                    width=\"240\"\n                    height=\"160\"\n                    style=\"max-width:100%;\"\n                \/>\n            <\/a>\n        <\/div>\n\t\t\t\t\t\t\t<\/div> \n\t\t\t\n                                    <br style=\"clear: both\" \/>\n                    \n\t\t\t\t<div id=\"ngg-image-12\" class=\"ngg-gallery-thumbnail-box\" >\n\t\t\t\t        <div class=\"ngg-gallery-thumbnail\">\n            <a href=\"https:\/\/muzeumbojkow.pl\/wp-content\/gallery\/boze-narodzenie\/IMG_4455.jpg\"\n               title=\"\"\n               data-src=\"https:\/\/muzeumbojkow.pl\/wp-content\/gallery\/boze-narodzenie\/IMG_4455.jpg\"\n               data-thumbnail=\"https:\/\/muzeumbojkow.pl\/wp-content\/gallery\/boze-narodzenie\/thumbs\/thumbs_IMG_4455.jpg\"\n               data-image-id=\"191\"\n               data-title=\"IMG_4455\"\n               data-description=\"\"\n               data-image-slug=\"img_4455\"\n               class='use_imagebrowser_effect' data-imagebrowser-url='https:\/\/muzeumbojkow.pl\/index.php\/nggallery\/image\/%STUB%?page_id=53'>\n                <img\n                    title=\"IMG_4455\"\n                    alt=\"IMG_4455\"\n                    src=\"https:\/\/muzeumbojkow.pl\/wp-content\/gallery\/boze-narodzenie\/cache\/IMG_4455.jpg-nggid03191-ngg0dyn-240x160x100-00f0w010c011r110f110r010t010.jpg\"\n                    width=\"240\"\n                    height=\"160\"\n                    style=\"max-width:100%;\"\n                \/>\n            <\/a>\n        <\/div>\n\t\t\t\t\t\t\t<\/div> \n\t\t\t\n                            \n\t\t\t\t<div id=\"ngg-image-13\" class=\"ngg-gallery-thumbnail-box\" >\n\t\t\t\t        <div class=\"ngg-gallery-thumbnail\">\n            <a href=\"https:\/\/muzeumbojkow.pl\/wp-content\/gallery\/boze-narodzenie\/IMG_4460.jpg\"\n               title=\"\"\n               data-src=\"https:\/\/muzeumbojkow.pl\/wp-content\/gallery\/boze-narodzenie\/IMG_4460.jpg\"\n               data-thumbnail=\"https:\/\/muzeumbojkow.pl\/wp-content\/gallery\/boze-narodzenie\/thumbs\/thumbs_IMG_4460.jpg\"\n               data-image-id=\"192\"\n               data-title=\"IMG_4460\"\n               data-description=\"\"\n               data-image-slug=\"img_4460\"\n               class='use_imagebrowser_effect' data-imagebrowser-url='https:\/\/muzeumbojkow.pl\/index.php\/nggallery\/image\/%STUB%?page_id=53'>\n                <img\n                    title=\"IMG_4460\"\n                    alt=\"IMG_4460\"\n                    src=\"https:\/\/muzeumbojkow.pl\/wp-content\/gallery\/boze-narodzenie\/cache\/IMG_4460.jpg-nggid03192-ngg0dyn-240x160x100-00f0w010c011r110f110r010t010.jpg\"\n                    width=\"240\"\n                    height=\"160\"\n                    style=\"max-width:100%;\"\n                \/>\n            <\/a>\n        <\/div>\n\t\t\t\t\t\t\t<\/div> \n\t\t\t\n                            \n\t\t\t\t<div id=\"ngg-image-14\" class=\"ngg-gallery-thumbnail-box\" >\n\t\t\t\t        <div class=\"ngg-gallery-thumbnail\">\n            <a href=\"https:\/\/muzeumbojkow.pl\/wp-content\/gallery\/boze-narodzenie\/IMG_44621.jpg\"\n               title=\"\"\n               data-src=\"https:\/\/muzeumbojkow.pl\/wp-content\/gallery\/boze-narodzenie\/IMG_44621.jpg\"\n               data-thumbnail=\"https:\/\/muzeumbojkow.pl\/wp-content\/gallery\/boze-narodzenie\/thumbs\/thumbs_IMG_44621.jpg\"\n               data-image-id=\"198\"\n               data-title=\"IMG_44621\"\n               data-description=\"\"\n               data-image-slug=\"img_44621\"\n               class='use_imagebrowser_effect' data-imagebrowser-url='https:\/\/muzeumbojkow.pl\/index.php\/nggallery\/image\/%STUB%?page_id=53'>\n                <img\n                    title=\"IMG_44621\"\n                    alt=\"IMG_44621\"\n                    src=\"https:\/\/muzeumbojkow.pl\/wp-content\/gallery\/boze-narodzenie\/cache\/IMG_44621.jpg-nggid03198-ngg0dyn-240x160x100-00f0w010c011r110f110r010t010.jpg\"\n                    width=\"240\"\n                    height=\"160\"\n                    style=\"max-width:100%;\"\n                \/>\n            <\/a>\n        <\/div>\n\t\t\t\t\t\t\t<\/div> \n\t\t\t\n                                    <br style=\"clear: both\" \/>\n                    \n\t\t\t\t<div id=\"ngg-image-15\" class=\"ngg-gallery-thumbnail-box\" >\n\t\t\t\t        <div class=\"ngg-gallery-thumbnail\">\n            <a href=\"https:\/\/muzeumbojkow.pl\/wp-content\/gallery\/boze-narodzenie\/IMG_4468.jpg\"\n               title=\"\"\n               data-src=\"https:\/\/muzeumbojkow.pl\/wp-content\/gallery\/boze-narodzenie\/IMG_4468.jpg\"\n               data-thumbnail=\"https:\/\/muzeumbojkow.pl\/wp-content\/gallery\/boze-narodzenie\/thumbs\/thumbs_IMG_4468.jpg\"\n               data-image-id=\"194\"\n               data-title=\"IMG_4468\"\n               data-description=\"\"\n               data-image-slug=\"img_4468\"\n               class='use_imagebrowser_effect' data-imagebrowser-url='https:\/\/muzeumbojkow.pl\/index.php\/nggallery\/image\/%STUB%?page_id=53'>\n                <img\n                    title=\"IMG_4468\"\n                    alt=\"IMG_4468\"\n                    src=\"https:\/\/muzeumbojkow.pl\/wp-content\/gallery\/boze-narodzenie\/cache\/IMG_4468.jpg-nggid03194-ngg0dyn-240x160x100-00f0w010c011r110f110r010t010.jpg\"\n                    width=\"240\"\n                    height=\"160\"\n                    style=\"max-width:100%;\"\n                \/>\n            <\/a>\n        <\/div>\n\t\t\t\t\t\t\t<\/div> \n\t\t\t\n                            \n\t\t\t\t<div id=\"ngg-image-16\" class=\"ngg-gallery-thumbnail-box\" >\n\t\t\t\t        <div class=\"ngg-gallery-thumbnail\">\n            <a href=\"https:\/\/muzeumbojkow.pl\/wp-content\/gallery\/boze-narodzenie\/IMG_4495.jpg\"\n               title=\"\"\n               data-src=\"https:\/\/muzeumbojkow.pl\/wp-content\/gallery\/boze-narodzenie\/IMG_4495.jpg\"\n               data-thumbnail=\"https:\/\/muzeumbojkow.pl\/wp-content\/gallery\/boze-narodzenie\/thumbs\/thumbs_IMG_4495.jpg\"\n               data-image-id=\"196\"\n               data-title=\"IMG_4495\"\n               data-description=\"\"\n               data-image-slug=\"img_4495\"\n               class='use_imagebrowser_effect' data-imagebrowser-url='https:\/\/muzeumbojkow.pl\/index.php\/nggallery\/image\/%STUB%?page_id=53'>\n                <img\n                    title=\"IMG_4495\"\n                    alt=\"IMG_4495\"\n                    src=\"https:\/\/muzeumbojkow.pl\/wp-content\/gallery\/boze-narodzenie\/cache\/IMG_4495.jpg-nggid03196-ngg0dyn-240x160x100-00f0w010c011r110f110r010t010.jpg\"\n                    width=\"240\"\n                    height=\"160\"\n                    style=\"max-width:100%;\"\n                \/>\n            <\/a>\n        <\/div>\n\t\t\t\t\t\t\t<\/div> \n\t\t\t\n                            \n\t\t\t\t<div id=\"ngg-image-17\" class=\"ngg-gallery-thumbnail-box\" >\n\t\t\t\t        <div class=\"ngg-gallery-thumbnail\">\n            <a href=\"https:\/\/muzeumbojkow.pl\/wp-content\/gallery\/boze-narodzenie\/DSC00369.jpg\"\n               title=\"\"\n               data-src=\"https:\/\/muzeumbojkow.pl\/wp-content\/gallery\/boze-narodzenie\/DSC00369.jpg\"\n               data-thumbnail=\"https:\/\/muzeumbojkow.pl\/wp-content\/gallery\/boze-narodzenie\/thumbs\/thumbs_DSC00369.jpg\"\n               data-image-id=\"179\"\n               data-title=\"DSC00369\"\n               data-description=\"\"\n               data-image-slug=\"dsc00369\"\n               class='use_imagebrowser_effect' data-imagebrowser-url='https:\/\/muzeumbojkow.pl\/index.php\/nggallery\/image\/%STUB%?page_id=53'>\n                <img\n                    title=\"DSC00369\"\n                    alt=\"DSC00369\"\n                    src=\"https:\/\/muzeumbojkow.pl\/wp-content\/gallery\/boze-narodzenie\/cache\/DSC00369.jpg-nggid03179-ngg0dyn-240x160x100-00f0w010c011r110f110r010t010.jpg\"\n                    width=\"240\"\n                    height=\"160\"\n                    style=\"max-width:100%;\"\n                \/>\n            <\/a>\n        <\/div>\n\t\t\t\t\t\t\t<\/div> \n\t\t\t\n                                    <br style=\"clear: both\" \/>\n                    \n\t\t\n\t\t<!-- Pagination -->\n\t<div class='ngg-clear'><\/div>\t<\/div>\n\n","protected":false},"excerpt":{"rendered":"<p>W zwi\u0105zku ze zbli\u017caj\u0105cymi si\u0119 \u015awi\u0119tami Bo\u017cego Narodzenia GOKSiT w Solinie z\/s w Pola\u0144czyku, jak co roku, zorganizowa\u0142 warsztaty \u015bwi\u0105teczne. Zaj\u0119cia odby\u0142y si\u0119 15 grudnia, w sobot\u0119, w nowo otwartym Regionalnym Centrum Kultury w Myczkowie. Uczestniczy\u0142y w nich nie tylko dzieci, ale r\u00f3wnie\u017c m\u0142odzie\u017c i doro\u015bli. W \u015bwi\u0105tecznym nastroju, przy d\u017awi\u0119kach kol\u0119d, w\u0142asnor\u0119czne wykonanie ozd\u00f3b&hellip; <\/p>\n","protected":false},"author":1,"featured_media":0,"parent":0,"menu_order":0,"comment_status":"closed","ping_status":"closed","template":"","meta":{"ngg_post_thumbnail":0},"_links":{"self":[{"href":"https:\/\/muzeumbojkow.pl\/index.php?rest_route=\/wp\/v2\/pages\/53"}],"collection":[{"href":"https:\/\/muzeumbojkow.pl\/index.php?rest_route=\/wp\/v2\/pages"}],"about":[{"href":"https:\/\/muzeumbojkow.pl\/index.php?rest_route=\/wp\/v2\/types\/page"}],"author":[{"embeddable":true,"href":"https:\/\/muzeumbojkow.pl\/index.php?rest_route=\/wp\/v2\/users\/1"}],"replies":[{"embeddable":true,"href":"https:\/\/muzeumbojkow.pl\/index.php?rest_route=%2Fwp%2Fv2%2Fcomments&post=53"}],"version-history":[{"count":24,"href":"https:\/\/muzeumbojkow.pl\/index.php?rest_route=\/wp\/v2\/pages\/53\/revisions"}],"predecessor-version":[{"id":1132,"href":"https:\/\/muzeumbojkow.pl\/index.php?rest_route=\/wp\/v2\/pages\/53\/revisions\/1132"}],"wp:attachment":[{"href":"https:\/\/muzeumbojkow.pl\/index.php?rest_route=%2Fwp%2Fv2%2Fmedia&parent=53"}],"curies":[{"name":"wp","href":"https:\/\/api.w.org\/{rel}","templated":true}]}}